{"id":1082,"date":"2021-03-09T08:14:21","date_gmt":"2021-03-09T07:14:21","guid":{"rendered":"http:\/\/imrecobros.com\/?page_id=1082"},"modified":"2024-02-12T16:31:31","modified_gmt":"2024-02-12T15:31:31","slug":"muchas-gracias","status":"publish","type":"page","link":"https:\/\/imrecobros.com\/pt\/muchas-gracias\/","title":{"rendered":"Muito obrigado por preencher o formul\u00e1rio!"},"content":{"rendered":"<p><strong>Muito obrigado por preencher o formul\u00e1rio!<\/strong><\/p>\n<p>Entraremos em contato com voc\u00ea em breve.<br \/>\nPara qualquer d\u00favida imediata, entre em contato conosco em<b> 935 95 46 44<\/b> ou em <b><a href=\"mailto:info@imrecobros.com\">info@imrecobros.com<\/a><\/b><br \/>\n<a role=\"button\" href=\"http:\/\/imrecobros.com\/pt\/\"><br \/>\nDe volta para casa<br \/>\n<\/a><br \/>\n<img fetchpriority=\"high\" decoding=\"async\" src=\"https:\/\/imrecobros.com\/wp-content\/uploads\/2021\/01\/img1-1.png\" sizes=\"(max-width: 800px) 100vw, 800px\" srcset=\"https:\/\/imrecobros.com\/wp-content\/uploads\/2021\/01\/img1-1.png 800w, https:\/\/imrecobros.com\/wp-content\/uploads\/2021\/01\/img1-1-297x300.png 297w, https:\/\/imrecobros.com\/wp-content\/uploads\/2021\/01\/img1-1-768x777.png 768w\" alt=\"\" width=\"800\" height=\"809\"><\/p>","protected":false},"excerpt":{"rendered":"<p>\u00a1Muchas gracias por rellenar el formulario! En breve nos pondremos en contacto contigo. Para cualquier duda inmediata, contacta con nosotros al 935 95 46 44 o en info@imrecobros.com Volver Inicio<\/p>","protected":false},"author":3,"featured_media":0,"parent":0,"menu_order":0,"comment_status":"closed","ping_status":"closed","template":"","meta":{"site-sidebar-layout":"no-sidebar","site-content-layout":"page-builder","ast-global-header-display":"","ast-main-header-display":"","ast-hfb-above-header-display":"","ast-hfb-below-header-display":"","ast-hfb-mobile-header-display":"","site-post-title":"disabled","ast-breadcrumbs-content":"","ast-featured-img":"disabled","footer-sml-layout":"","theme-transparent-header-meta":"default","adv-header-id-meta":"","stick-header-meta":"","header-above-stick-meta":"","header-main-stick-meta":"","header-below-stick-meta":"","footnotes":""},"yoast_head":"<!-- This site is optimized with the Yoast SEO plugin v23.3 - https:\/\/yoast.com\/wordpress\/plugins\/seo\/ -->\n<title>\u00a1Muchas gracias por rellenar el formulario! - IMrecobros<\/title>\n<meta name=\"description\" content=\"Muchas gracias por rellenar el formulario, nos pondremos en contacto contigo. Cualquier duda tambi\u00e9n nos puedes llamar al 935 95 46 44.\" \/>\n<meta name=\"robots\" content=\"index, follow, max-snippet:-1, max-image-preview:large, max-video-preview:-1\" \/>\n<link rel=\"canonical\" href=\"https:\/\/imrecobros.com\/pt\/muchas-gracias\/\" \/>\n<meta property=\"og:locale\" content=\"pt_PT\" \/>\n<meta property=\"og:type\" content=\"article\" \/>\n<meta property=\"og:title\" content=\"\u00a1Muchas gracias por rellenar el formulario! - IMrecobros\" \/>\n<meta property=\"og:description\" content=\"Muchas gracias por rellenar el formulario, nos pondremos en contacto contigo. Cualquier duda tambi\u00e9n nos puedes llamar al 935 95 46 44.\" \/>\n<meta property=\"og:url\" content=\"https:\/\/imrecobros.com\/pt\/muchas-gracias\/\" \/>\n<meta property=\"og:site_name\" content=\"IMrecobros\" \/>\n<meta property=\"article:publisher\" content=\"https:\/\/www.facebook.com\/IMrecobros\" \/>\n<meta property=\"article:modified_time\" content=\"2024-02-12T15:31:31+00:00\" \/>\n<meta property=\"og:image\" content=\"https:\/\/imrecobros.com\/wp-content\/uploads\/2021\/01\/img1-1.png\" \/>\n<meta name=\"twitter:card\" content=\"summary_large_image\" \/>\n<meta name=\"twitter:label1\" content=\"Tempo estimado de leitura\" \/>\n\t<meta name=\"twitter:data1\" content=\"1 minuto\" \/>\n<script type=\"application\/ld+json\" class=\"yoast-schema-graph\">{\"@context\":\"https:\/\/schema.org\",\"@graph\":[{\"@type\":\"WebPage\",\"@id\":\"https:\/\/imrecobros.com\/muchas-gracias\/\",\"url\":\"https:\/\/imrecobros.com\/muchas-gracias\/\",\"name\":\"\u00a1Muchas gracias por rellenar el formulario! - IMrecobros\",\"isPartOf\":{\"@id\":\"https:\/\/imrecobros.com\/#website\"},\"primaryImageOfPage\":{\"@id\":\"https:\/\/imrecobros.com\/muchas-gracias\/#primaryimage\"},\"image\":{\"@id\":\"https:\/\/imrecobros.com\/muchas-gracias\/#primaryimage\"},\"thumbnailUrl\":\"https:\/\/imrecobros.com\/wp-content\/uploads\/2021\/01\/img1-1.png\",\"datePublished\":\"2021-03-09T07:14:21+00:00\",\"dateModified\":\"2024-02-12T15:31:31+00:00\",\"description\":\"Muchas gracias por rellenar el formulario, nos pondremos en contacto contigo. Cualquier duda tambi\u00e9n nos puedes llamar al 935 95 46 44.\",\"breadcrumb\":{\"@id\":\"https:\/\/imrecobros.com\/muchas-gracias\/#breadcrumb\"},\"inLanguage\":\"pt-PT\",\"potentialAction\":[{\"@type\":\"ReadAction\",\"target\":[\"https:\/\/imrecobros.com\/muchas-gracias\/\"]}]},{\"@type\":\"ImageObject\",\"inLanguage\":\"pt-PT\",\"@id\":\"https:\/\/imrecobros.com\/muchas-gracias\/#primaryimage\",\"url\":\"https:\/\/imrecobros.com\/wp-content\/uploads\/2021\/01\/img1-1.png\",\"contentUrl\":\"https:\/\/imrecobros.com\/wp-content\/uploads\/2021\/01\/img1-1.png\"},{\"@type\":\"BreadcrumbList\",\"@id\":\"https:\/\/imrecobros.com\/muchas-gracias\/#breadcrumb\",\"itemListElement\":[{\"@type\":\"ListItem\",\"position\":1,\"name\":\"Portada\",\"item\":\"https:\/\/imrecobros.com\/\"},{\"@type\":\"ListItem\",\"position\":2,\"name\":\"\u00a1Muchas gracias por rellenar el formulario!\"}]},{\"@type\":\"WebSite\",\"@id\":\"https:\/\/imrecobros.com\/#website\",\"url\":\"https:\/\/imrecobros.com\/\",\"name\":\"IMrecobros\",\"description\":\"IMrecobros SL: empresa de recobro y consultor\u00eda de cr\u00e9dito\",\"publisher\":{\"@id\":\"https:\/\/imrecobros.com\/#organization\"},\"potentialAction\":[{\"@type\":\"SearchAction\",\"target\":{\"@type\":\"EntryPoint\",\"urlTemplate\":\"https:\/\/imrecobros.com\/?s={search_term_string}\"},\"query-input\":\"required name=search_term_string\"}],\"inLanguage\":\"pt-PT\"},{\"@type\":\"Organization\",\"@id\":\"https:\/\/imrecobros.com\/#organization\",\"name\":\"IMRECOBROS\",\"url\":\"https:\/\/imrecobros.com\/\",\"logo\":{\"@type\":\"ImageObject\",\"inLanguage\":\"pt-PT\",\"@id\":\"https:\/\/imrecobros.com\/#\/schema\/logo\/image\/\",\"url\":\"https:\/\/imrecobros.com\/wp-content\/uploads\/2021\/01\/LOGO_IMRECOBROS-DEFINITIU.png\",\"contentUrl\":\"https:\/\/imrecobros.com\/wp-content\/uploads\/2021\/01\/LOGO_IMRECOBROS-DEFINITIU.png\",\"width\":339,\"height\":194,\"caption\":\"IMRECOBROS\"},\"image\":{\"@id\":\"https:\/\/imrecobros.com\/#\/schema\/logo\/image\/\"},\"sameAs\":[\"https:\/\/www.facebook.com\/IMrecobros\",\"https:\/\/www.linkedin.com\/company\/imrecobros\"]}]}<\/script>\n<!-- \/ Yoast SEO plugin. -->","yoast_head_json":{"title":"\u00a1Muchas gracias por rellenar el formulario! - IMrecobros","description":"Muchas gracias por rellenar el formulario, nos pondremos en contacto contigo. Cualquier duda tambi\u00e9n nos puedes llamar al 935 95 46 44.","robots":{"index":"index","follow":"follow","max-snippet":"max-snippet:-1","max-image-preview":"max-image-preview:large","max-video-preview":"max-video-preview:-1"},"canonical":"https:\/\/imrecobros.com\/pt\/muchas-gracias\/","og_locale":"pt_PT","og_type":"article","og_title":"\u00a1Muchas gracias por rellenar el formulario! - IMrecobros","og_description":"Muchas gracias por rellenar el formulario, nos pondremos en contacto contigo. Cualquier duda tambi\u00e9n nos puedes llamar al 935 95 46 44.","og_url":"https:\/\/imrecobros.com\/pt\/muchas-gracias\/","og_site_name":"IMrecobros","article_publisher":"https:\/\/www.facebook.com\/IMrecobros","article_modified_time":"2024-02-12T15:31:31+00:00","og_image":[{"url":"https:\/\/imrecobros.com\/wp-content\/uploads\/2021\/01\/img1-1.png"}],"twitter_card":"summary_large_image","twitter_misc":{"Tempo estimado de leitura":"1 minuto"},"schema":{"@context":"https:\/\/schema.org","@graph":[{"@type":"WebPage","@id":"https:\/\/imrecobros.com\/muchas-gracias\/","url":"https:\/\/imrecobros.com\/muchas-gracias\/","name":"\u00a1Muchas gracias por rellenar el formulario! - IMrecobros","isPartOf":{"@id":"https:\/\/imrecobros.com\/#website"},"primaryImageOfPage":{"@id":"https:\/\/imrecobros.com\/muchas-gracias\/#primaryimage"},"image":{"@id":"https:\/\/imrecobros.com\/muchas-gracias\/#primaryimage"},"thumbnailUrl":"https:\/\/imrecobros.com\/wp-content\/uploads\/2021\/01\/img1-1.png","datePublished":"2021-03-09T07:14:21+00:00","dateModified":"2024-02-12T15:31:31+00:00","description":"Muchas gracias por rellenar el formulario, nos pondremos en contacto contigo. Cualquier duda tambi\u00e9n nos puedes llamar al 935 95 46 44.","breadcrumb":{"@id":"https:\/\/imrecobros.com\/muchas-gracias\/#breadcrumb"},"inLanguage":"pt-PT","potentialAction":[{"@type":"ReadAction","target":["https:\/\/imrecobros.com\/muchas-gracias\/"]}]},{"@type":"ImageObject","inLanguage":"pt-PT","@id":"https:\/\/imrecobros.com\/muchas-gracias\/#primaryimage","url":"https:\/\/imrecobros.com\/wp-content\/uploads\/2021\/01\/img1-1.png","contentUrl":"https:\/\/imrecobros.com\/wp-content\/uploads\/2021\/01\/img1-1.png"},{"@type":"BreadcrumbList","@id":"https:\/\/imrecobros.com\/muchas-gracias\/#breadcrumb","itemListElement":[{"@type":"ListItem","position":1,"name":"Portada","item":"https:\/\/imrecobros.com\/"},{"@type":"ListItem","position":2,"name":"\u00a1Muchas gracias por rellenar el formulario!"}]},{"@type":"WebSite","@id":"https:\/\/imrecobros.com\/#website","url":"https:\/\/imrecobros.com\/","name":"Recupera\u00e7\u00f5es IM","description":"IMrecobros SL: empresa de cobran\u00e7a e consultoria de cr\u00e9dito","publisher":{"@id":"https:\/\/imrecobros.com\/#organization"},"potentialAction":[{"@type":"SearchAction","target":{"@type":"EntryPoint","urlTemplate":"https:\/\/imrecobros.com\/?s={search_term_string}"},"query-input":"required name=search_term_string"}],"inLanguage":"pt-PT"},{"@type":"Organization","@id":"https:\/\/imrecobros.com\/#organization","name":"IMRECOBROS","url":"https:\/\/imrecobros.com\/","logo":{"@type":"ImageObject","inLanguage":"pt-PT","@id":"https:\/\/imrecobros.com\/#\/schema\/logo\/image\/","url":"https:\/\/imrecobros.com\/wp-content\/uploads\/2021\/01\/LOGO_IMRECOBROS-DEFINITIU.png","contentUrl":"https:\/\/imrecobros.com\/wp-content\/uploads\/2021\/01\/LOGO_IMRECOBROS-DEFINITIU.png","width":339,"height":194,"caption":"IMRECOBROS"},"image":{"@id":"https:\/\/imrecobros.com\/#\/schema\/logo\/image\/"},"sameAs":["https:\/\/www.facebook.com\/IMrecobros","https:\/\/www.linkedin.com\/company\/imrecobros"]}]}},"_links":{"self":[{"href":"https:\/\/imrecobros.com\/pt\/wp-json\/wp\/v2\/pages\/1082"}],"collection":[{"href":"https:\/\/imrecobros.com\/pt\/wp-json\/wp\/v2\/pages"}],"about":[{"href":"https:\/\/imrecobros.com\/pt\/wp-json\/wp\/v2\/types\/page"}],"author":[{"embeddable":true,"href":"https:\/\/imrecobros.com\/pt\/wp-json\/wp\/v2\/users\/3"}],"replies":[{"embeddable":true,"href":"https:\/\/imrecobros.com\/pt\/wp-json\/wp\/v2\/comments?post=1082"}],"version-history":[{"count":8,"href":"https:\/\/imrecobros.com\/pt\/wp-json\/wp\/v2\/pages\/1082\/revisions"}],"predecessor-version":[{"id":5572,"href":"https:\/\/imrecobros.com\/pt\/wp-json\/wp\/v2\/pages\/1082\/revisions\/5572"}],"wp:attachment":[{"href":"https:\/\/imrecobros.com\/pt\/wp-json\/wp\/v2\/media?parent=1082"}],"curies":[{"name":"wp","href":"https:\/\/api.w.org\/{rel}","templated":true}]}}