{"id":1212,"date":"2021-03-09T11:14:47","date_gmt":"2021-03-09T11:14:47","guid":{"rendered":"http:\/\/imrecobros.com\/?page_id=1212"},"modified":"2023-11-15T15:31:07","modified_gmt":"2023-11-15T14:31:07","slug":"tarifas","status":"publish","type":"page","link":"https:\/\/imrecobros.com\/pt\/tarifas\/","title":{"rendered":"TARIFAS"},"content":{"rendered":"<div data-elementor-type=\"wp-page\" data-elementor-id=\"1212\" class=\"elementor elementor-1212\">\n\t\t\t\t\t\t<section class=\"elementor-section elementor-top-section elementor-element elementor-element-132ae96c elementor-section-boxed elementor-section-height-default elementor-section-height-default\" data-id=\"132ae96c\" data-element_type=\"section\">\n\t\t\t\t\t\t<div class=\"elementor-container elementor-column-gap-default\">\n\t\t\t\t\t<div class=\"elementor-column elementor-col-50 elementor-top-column elementor-element elementor-element-3ef6d125\" data-id=\"3ef6d125\" data-element_type=\"column\">\n\t\t\t<div class=\"elementor-widget-wrap elementor-element-populated\">\n\t\t\t\t\t\t<div class=\"elementor-element elementor-element-30d58ca4 elementor-widget elementor-widget-image\" data-id=\"30d58ca4\" data-element_type=\"widget\" data-widget_type=\"image.default\">\n\t\t\t\t<div class=\"elementor-widget-container\">\n\t\t\t\t\t\t\t\t\t\t<figure class=\"wp-caption\">\n\t\t\t\t\t\t\t\t\t\t<img fetchpriority=\"high\" decoding=\"async\" width=\"696\" height=\"1024\" src=\"https:\/\/imrecobros.com\/wp-content\/uploads\/2023\/01\/Lo-recuperamos-por-ti-696x1024.png\" class=\"attachment-large size-large wp-image-4757\" alt=\"tarifas\" srcset=\"https:\/\/imrecobros.com\/wp-content\/uploads\/2023\/01\/Lo-recuperamos-por-ti-696x1024.png 696w, https:\/\/imrecobros.com\/wp-content\/uploads\/2023\/01\/Lo-recuperamos-por-ti-204x300.png 204w, https:\/\/imrecobros.com\/wp-content\/uploads\/2023\/01\/Lo-recuperamos-por-ti-768x1130.png 768w, https:\/\/imrecobros.com\/wp-content\/uploads\/2023\/01\/Lo-recuperamos-por-ti-1044x1536.png 1044w, https:\/\/imrecobros.com\/wp-content\/uploads\/2023\/01\/Lo-recuperamos-por-ti.png 1079w\" sizes=\"(max-width: 696px) 100vw, 696px\" \/>\t\t\t\t\t\t\t\t\t\t\t<figcaption class=\"widget-image-caption wp-caption-text\">taxas<\/figcaption>\n\t\t\t\t\t\t\t\t\t\t<\/figure>\n\t\t\t\t\t\t\t<\/div>\n\t\t\t\t<\/div>\n\t\t\t\t\t<\/div>\n\t\t<\/div>\n\t\t\t\t<div class=\"elementor-column elementor-col-50 elementor-top-column elementor-element elementor-element-36b788c4\" data-id=\"36b788c4\" data-element_type=\"column\">\n\t\t\t<div class=\"elementor-widget-wrap elementor-element-populated\">\n\t\t\t\t\t\t<div class=\"elementor-element elementor-element-3a9c968 elementor-widget elementor-widget-heading\" data-id=\"3a9c968\" data-element_type=\"widget\" data-widget_type=\"heading.default\">\n\t\t\t\t<div class=\"elementor-widget-container\">\n\t\t\t<h1 class=\"elementor-heading-title elementor-size-default\"><a href=\"https:\/\/imrecobros.com\/pt\/recobro-deudas\/\">Baixe nossas tarifas de coleta e ofertas especiais!<\/a><\/h1>\t\t<\/div>\n\t\t\t\t<\/div>\n\t\t\t\t<div class=\"elementor-element elementor-element-14317d1 elementor-widget elementor-widget-text-editor\" data-id=\"14317d1\" data-element_type=\"widget\" data-widget_type=\"text-editor.default\">\n\t\t\t\t<div class=\"elementor-widget-container\">\n\t\t\t\t\t\t\t<p><span style=\"color: #000000;\">Preencha o formul\u00e1rio para obter tarifas atualizadas.<\/span><\/p>\t\t\t\t\t\t<\/div>\n\t\t\t\t<\/div>\n\t\t\t\t<div class=\"elementor-element elementor-element-75ec1a44 elementor-widget elementor-widget-text-editor\" data-id=\"75ec1a44\" data-element_type=\"widget\" data-widget_type=\"text-editor.default\">\n\t\t\t\t<div class=\"elementor-widget-container\">\n\t\t\t\t\t\t\t<p>\n<div class=\"wpcf7 no-js\" id=\"wpcf7-f4759-o1\" lang=\"es-ES\" dir=\"ltr\">\n<div class=\"screen-reader-response\"><p role=\"status\" aria-live=\"polite\" aria-atomic=\"true\"><\/p> <ul><\/ul><\/div>\n<form action=\"\/pt\/wp-json\/wp\/v2\/pages\/1212#wpcf7-f4759-o1\" method=\"post\" class=\"wpcf7-form init\" aria-label=\"Formulario de contacto\" novalidate=\"novalidate\" data-status=\"init\" data-trp-original-action=\"\/pt\/wp-json\/wp\/v2\/pages\/1212#wpcf7-f4759-o1\">\n<div style=\"display: none;\">\n<input type=\"hidden\" name=\"_wpcf7\" value=\"4759\" \/>\n<input type=\"hidden\" name=\"_wpcf7_version\" value=\"5.9.8\" \/>\n<input type=\"hidden\" name=\"_wpcf7_locale\" value=\"es_ES\" \/>\n<input type=\"hidden\" name=\"_wpcf7_unit_tag\" value=\"wpcf7-f4759-o1\" \/>\n<input type=\"hidden\" name=\"_wpcf7_container_post\" value=\"0\" \/>\n<input type=\"hidden\" name=\"_wpcf7_posted_data_hash\" value=\"\" \/>\n<input type=\"hidden\" name=\"_wpcf7_recaptcha_response\" value=\"\" \/>\n<\/div>\n<p><label> Nome<br \/>\n<span class=\"wpcf7-form-control-wrap\" data-name=\"Nombre\"><input size=\"40\" maxlength=\"400\" class=\"wpcf7-form-control wpcf7-text wpcf7-validates-as-required\" aria-required=\"true\" aria-invalid=\"false\" value=\"\" type=\"text\" name=\"Nombre\" \/><\/span><\/label>\n<\/p>\n<p><label> Empresa<br \/>\n<span class=\"wpcf7-form-control-wrap\" data-name=\"Empresa\"><input size=\"40\" maxlength=\"400\" class=\"wpcf7-form-control wpcf7-text wpcf7-validates-as-required\" aria-required=\"true\" aria-invalid=\"false\" value=\"\" type=\"text\" name=\"Empresa\" \/><\/span><\/label>\n<\/p>\n<p><label> E-mail<br \/>\n<span class=\"wpcf7-form-control-wrap\" data-name=\"your-email\"><input size=\"40\" maxlength=\"400\" class=\"wpcf7-form-control wpcf7-email wpcf7-validates-as-required wpcf7-text wpcf7-validates-as-email\" aria-required=\"true\" aria-invalid=\"false\" value=\"\" type=\"email\" name=\"your-email\" \/><\/span> <\/label>\n<\/p>\n<p><label>Telefone<\/label><br \/>\n<span class=\"wpcf7-form-control-wrap\" data-name=\"telfono\"><input size=\"40\" maxlength=\"400\" class=\"wpcf7-form-control wpcf7-tel wpcf7-validates-as-required wpcf7-text wpcf7-validates-as-tel\" aria-required=\"true\" aria-invalid=\"false\" value=\"\" type=\"tel\" name=\"telfono\" \/><\/span>\n<\/p>\n<p><span class=\"wpcf7-form-control-wrap\" data-name=\"radio-957\"><span class=\"wpcf7-form-control wpcf7-radio\"><span class=\"wpcf7-list-item first\"><label><input type=\"radio\" name=\"radio-957\" value=\"Recobro Premium\" checked=\"checked\" \/><span class=\"wpcf7-list-item-label\">Cole\u00e7\u00e3o Premium<\/span><\/label><\/span><span class=\"wpcf7-list-item\"><label><input type=\"radio\" name=\"radio-957\" value=\"Recobro Basic\" \/><span class=\"wpcf7-list-item-label\">Cole\u00e7\u00e3o B\u00e1sica<\/span><\/label><\/span><span class=\"wpcf7-list-item last\"><label><input type=\"radio\" name=\"radio-957\" value=\"Recobro Puntual\" \/><span class=\"wpcf7-list-item-label\">Coleta Pontual<\/span><\/label><\/span><\/span><\/span>\n<\/p>\n<p><label> Mensagem<br \/>\n<span class=\"wpcf7-form-control-wrap\" data-name=\"your-message\"><textarea cols=\"40\" rows=\"10\" maxlength=\"2000\" class=\"wpcf7-form-control wpcf7-textarea\" aria-invalid=\"false\" name=\"your-message\"><\/textarea><\/span> <\/label>\n<\/p>\n<p><span class=\"wpcf7-form-control-wrap\" data-name=\"acceptance-201\"><span class=\"wpcf7-form-control wpcf7-acceptance\"><span class=\"wpcf7-list-item\"><label><input type=\"checkbox\" name=\"acceptance-201\" value=\"1\" aria-invalid=\"false\" \/><span class=\"wpcf7-list-item-label\">eu aceito o <a hred=\"http:\/\/imrecobros.com\/politicas-de-privacidad\/\">pol\u00edtica de Privacidade<\/a><\/span><\/label><\/span><\/span><\/span>\n<\/p>\n<span class=\"wpcf7-form-control-wrap recaptcha\" data-name=\"recaptcha\"><span data-sitekey=\"6LdkLtcaAAAAAGOEQ5_MNLRHhlhUXdWa1ECDi2RU\" class=\"wpcf7-form-control wpcf7-recaptcha g-recaptcha\"><\/span>\r\n<noscript>\r\n\t<div class=\"grecaptcha-noscript\">\r\n\t\t<iframe src=\"https:\/\/www.google.com\/recaptcha\/api\/fallback?k=6LdkLtcaAAAAAGOEQ5_MNLRHhlhUXdWa1ECDi2RU\" frameborder=\"0\" scrolling=\"no\" width=\"310\" height=\"430\">\r\n\t\t<\/iframe>\r\n\t\t<textarea name=\"g-recaptcha-response\" rows=\"3\" cols=\"40\" placeholder=\"Aqu\u00ed la respuesta de reCAPTCHA\">\r\n\t\t<\/textarea>\r\n\t<\/div>\r\n<\/noscript>\r\n<\/span>\n<div style=\"\u00bbclear:\" both;\u00bb>\n\t<p>&nbsp;\n\t<\/p>\n<\/div>\n<p><input class=\"wpcf7-form-control wpcf7-submit has-spinner\" type=\"submit\" value=\"DESCARGA\" \/>\n<\/p><p style=\"display: none !important;\" class=\"akismet-fields-container\" data-prefix=\"_wpcf7_ak_\"><label>&#916;<textarea name=\"_wpcf7_ak_hp_textarea\" cols=\"45\" rows=\"8\" maxlength=\"100\"><\/textarea><\/label><input type=\"hidden\" id=\"ak_js_1\" name=\"_wpcf7_ak_js\" value=\"111\"\/><script>document.getElementById( \"ak_js_1\" ).setAttribute( \"value\", ( new Date() ).getTime() );<\/script><\/p><div class=\"wpcf7-response-output\" aria-hidden=\"true\"><\/div>\n<input type=\"hidden\" name=\"trp-form-language\" value=\"pt\"\/><\/form>\n<\/div>\n<\/p>\t\t\t\t\t\t<\/div>\n\t\t\t\t<\/div>\n\t\t\t\t<div class=\"elementor-element elementor-element-b0716f9 elementor-widget-divider--view-line elementor-widget elementor-widget-divider\" data-id=\"b0716f9\" data-element_type=\"widget\" data-widget_type=\"divider.default\">\n\t\t\t\t<div class=\"elementor-widget-container\">\n\t\t\t\t\t<div class=\"elementor-divider\">\n\t\t\t<span class=\"elementor-divider-separator\">\n\t\t\t\t\t\t<\/span>\n\t\t<\/div>\n\t\t\t\t<\/div>\n\t\t\t\t<\/div>\n\t\t\t\t\t<\/div>\n\t\t<\/div>\n\t\t\t\t\t<\/div>\n\t\t<\/section>\n\t\t\t\t<section class=\"elementor-section elementor-top-section elementor-element elementor-element-3ec2b73 elementor-section-boxed elementor-section-height-default elementor-section-height-default\" data-id=\"3ec2b73\" data-element_type=\"section\">\n\t\t\t\t\t\t<div class=\"elementor-container elementor-column-gap-default\">\n\t\t\t\t\t<div class=\"elementor-column elementor-col-50 elementor-top-column elementor-element elementor-element-37a6e7b\" data-id=\"37a6e7b\" data-element_type=\"column\">\n\t\t\t<div class=\"elementor-widget-wrap\">\n\t\t\t\t\t\t\t<\/div>\n\t\t<\/div>\n\t\t\t\t<div class=\"elementor-column elementor-col-50 elementor-top-column elementor-element elementor-element-ba8b3ba\" data-id=\"ba8b3ba\" data-element_type=\"column\">\n\t\t\t<div class=\"elementor-widget-wrap elementor-element-populated\">\n\t\t\t\t\t\t<div class=\"elementor-element elementor-element-15d683e elementor-widget elementor-widget-heading\" data-id=\"15d683e\" data-element_type=\"widget\" data-widget_type=\"heading.default\">\n\t\t\t\t<div class=\"elementor-widget-container\">\n\t\t\t<div class=\"elementor-heading-title elementor-size-default\">Siga-nos<\/div>\t\t<\/div>\n\t\t\t\t<\/div>\n\t\t\t\t<div class=\"elementor-element elementor-element-f7f9a6b elementor-shape-circle e-grid-align-left elementor-grid-0 elementor-widget elementor-widget-social-icons\" data-id=\"f7f9a6b\" data-element_type=\"widget\" data-widget_type=\"social-icons.default\">\n\t\t\t\t<div class=\"elementor-widget-container\">\n\t\t\t\t\t<div class=\"elementor-social-icons-wrapper elementor-grid\">\n\t\t\t\t\t\t\t<span class=\"elementor-grid-item\">\n\t\t\t\t\t<a class=\"elementor-icon elementor-social-icon elementor-social-icon-linkedin elementor-animation-grow elementor-repeater-item-7d5c333\" href=\"https:\/\/www.linkedin.com\/company\/imrecobros\" target=\"_blank\">\n\t\t\t\t\t\t<span class=\"elementor-screen-only\">Linkedin<\/span>\n\t\t\t\t\t\t<i class=\"fab fa-linkedin\"><\/i>\t\t\t\t\t<\/a>\n\t\t\t\t<\/span>\n\t\t\t\t\t\t\t<span class=\"elementor-grid-item\">\n\t\t\t\t\t<a class=\"elementor-icon elementor-social-icon elementor-social-icon-facebook elementor-animation-grow elementor-repeater-item-27a3552\" href=\"https:\/\/www.facebook.com\/IMrecobros\" target=\"_blank\">\n\t\t\t\t\t\t<span class=\"elementor-screen-only\">Facebook<\/span>\n\t\t\t\t\t\t<i class=\"fab fa-facebook\"><\/i>\t\t\t\t\t<\/a>\n\t\t\t\t<\/span>\n\t\t\t\t\t<\/div>\n\t\t\t\t<\/div>\n\t\t\t\t<\/div>\n\t\t\t\t\t<\/div>\n\t\t<\/div>\n\t\t\t\t\t<\/div>\n\t\t<\/section>\n\t\t\t\t<\/div>","protected":false},"excerpt":{"rendered":"<p>tarifas \u00a1Descarga nuestras tarifas de recobro y ofertas especiales! Rellena el formulario para obtener las tarifas actualizadas. Follow Us Linkedin Facebook<\/p>","protected":false},"author":3,"featured_media":0,"parent":0,"menu_order":0,"comment_status":"closed","ping_status":"closed","template":"","meta":{"site-sidebar-layout":"no-sidebar","site-content-layout":"page-builder","ast-global-header-display":"","ast-main-header-display":"","ast-hfb-above-header-display":"","ast-hfb-below-header-display":"","ast-hfb-mobile-header-display":"","site-post-title":"disabled","ast-breadcrumbs-content":"","ast-featured-img":"disabled","footer-sml-layout":"","theme-transparent-header-meta":"default","adv-header-id-meta":"","stick-header-meta":"","header-above-stick-meta":"","header-main-stick-meta":"","header-below-stick-meta":"","footnotes":""},"yoast_head":"<!-- This site is optimized with the Yoast SEO plugin v23.3 - https:\/\/yoast.com\/wordpress\/plugins\/seo\/ -->\n<title>TARIFAS - IMrecobros<\/title>\n<meta name=\"description\" content=\"Entra en nuestra p\u00e1gina de web y descarga nuestras tarifas actualizadas de recobro y obt\u00e9n ofertas especiales cada mes.\" \/>\n<meta name=\"robots\" content=\"index, follow, max-snippet:-1, max-image-preview:large, max-video-preview:-1\" \/>\n<link rel=\"canonical\" href=\"https:\/\/imrecobros.com\/pt\/tarifas\/\" \/>\n<meta property=\"og:locale\" content=\"pt_PT\" \/>\n<meta property=\"og:type\" content=\"article\" \/>\n<meta property=\"og:title\" content=\"TARIFAS - IMrecobros\" \/>\n<meta property=\"og:description\" content=\"Entra en nuestra p\u00e1gina de web y descarga nuestras tarifas actualizadas de recobro y obt\u00e9n ofertas especiales cada mes.\" \/>\n<meta property=\"og:url\" content=\"https:\/\/imrecobros.com\/pt\/tarifas\/\" \/>\n<meta property=\"og:site_name\" content=\"IMrecobros\" \/>\n<meta property=\"article:publisher\" content=\"https:\/\/www.facebook.com\/IMrecobros\" \/>\n<meta property=\"article:modified_time\" content=\"2023-11-15T14:31:07+00:00\" \/>\n<meta property=\"og:image\" content=\"https:\/\/imrecobros.com\/wp-content\/uploads\/2023\/01\/Lo-recuperamos-por-ti-696x1024.png\" \/>\n<meta name=\"twitter:card\" content=\"summary_large_image\" \/>\n<meta name=\"twitter:label1\" content=\"Tempo estimado de leitura\" \/>\n\t<meta name=\"twitter:data1\" content=\"1 minuto\" \/>\n<script type=\"application\/ld+json\" class=\"yoast-schema-graph\">{\"@context\":\"https:\/\/schema.org\",\"@graph\":[{\"@type\":\"WebPage\",\"@id\":\"https:\/\/imrecobros.com\/tarifas\/\",\"url\":\"https:\/\/imrecobros.com\/tarifas\/\",\"name\":\"TARIFAS - IMrecobros\",\"isPartOf\":{\"@id\":\"https:\/\/imrecobros.com\/#website\"},\"primaryImageOfPage\":{\"@id\":\"https:\/\/imrecobros.com\/tarifas\/#primaryimage\"},\"image\":{\"@id\":\"https:\/\/imrecobros.com\/tarifas\/#primaryimage\"},\"thumbnailUrl\":\"https:\/\/imrecobros.com\/wp-content\/uploads\/2023\/01\/Lo-recuperamos-por-ti-696x1024.png\",\"datePublished\":\"2021-03-09T11:14:47+00:00\",\"dateModified\":\"2023-11-15T14:31:07+00:00\",\"description\":\"Entra en nuestra p\u00e1gina de web y descarga nuestras tarifas actualizadas de recobro y obt\u00e9n ofertas especiales cada mes.\",\"breadcrumb\":{\"@id\":\"https:\/\/imrecobros.com\/tarifas\/#breadcrumb\"},\"inLanguage\":\"pt-PT\",\"potentialAction\":[{\"@type\":\"ReadAction\",\"target\":[\"https:\/\/imrecobros.com\/tarifas\/\"]}]},{\"@type\":\"ImageObject\",\"inLanguage\":\"pt-PT\",\"@id\":\"https:\/\/imrecobros.com\/tarifas\/#primaryimage\",\"url\":\"https:\/\/imrecobros.com\/wp-content\/uploads\/2023\/01\/Lo-recuperamos-por-ti-696x1024.png\",\"contentUrl\":\"https:\/\/imrecobros.com\/wp-content\/uploads\/2023\/01\/Lo-recuperamos-por-ti-696x1024.png\"},{\"@type\":\"BreadcrumbList\",\"@id\":\"https:\/\/imrecobros.com\/tarifas\/#breadcrumb\",\"itemListElement\":[{\"@type\":\"ListItem\",\"position\":1,\"name\":\"Portada\",\"item\":\"https:\/\/imrecobros.com\/\"},{\"@type\":\"ListItem\",\"position\":2,\"name\":\"TARIFAS\"}]},{\"@type\":\"WebSite\",\"@id\":\"https:\/\/imrecobros.com\/#website\",\"url\":\"https:\/\/imrecobros.com\/\",\"name\":\"IMrecobros\",\"description\":\"IMrecobros SL: empresa de recobro y consultor\u00eda de cr\u00e9dito\",\"publisher\":{\"@id\":\"https:\/\/imrecobros.com\/#organization\"},\"potentialAction\":[{\"@type\":\"SearchAction\",\"target\":{\"@type\":\"EntryPoint\",\"urlTemplate\":\"https:\/\/imrecobros.com\/?s={search_term_string}\"},\"query-input\":\"required name=search_term_string\"}],\"inLanguage\":\"pt-PT\"},{\"@type\":\"Organization\",\"@id\":\"https:\/\/imrecobros.com\/#organization\",\"name\":\"IMRECOBROS\",\"url\":\"https:\/\/imrecobros.com\/\",\"logo\":{\"@type\":\"ImageObject\",\"inLanguage\":\"pt-PT\",\"@id\":\"https:\/\/imrecobros.com\/#\/schema\/logo\/image\/\",\"url\":\"https:\/\/imrecobros.com\/wp-content\/uploads\/2021\/01\/LOGO_IMRECOBROS-DEFINITIU.png\",\"contentUrl\":\"https:\/\/imrecobros.com\/wp-content\/uploads\/2021\/01\/LOGO_IMRECOBROS-DEFINITIU.png\",\"width\":339,\"height\":194,\"caption\":\"IMRECOBROS\"},\"image\":{\"@id\":\"https:\/\/imrecobros.com\/#\/schema\/logo\/image\/\"},\"sameAs\":[\"https:\/\/www.facebook.com\/IMrecobros\",\"https:\/\/www.linkedin.com\/company\/imrecobros\"]}]}<\/script>\n<!-- \/ Yoast SEO plugin. -->","yoast_head_json":{"title":"TARIFAS - IMrecobros","description":"Entra en nuestra p\u00e1gina de web y descarga nuestras tarifas actualizadas de recobro y obt\u00e9n ofertas especiales cada mes.","robots":{"index":"index","follow":"follow","max-snippet":"max-snippet:-1","max-image-preview":"max-image-preview:large","max-video-preview":"max-video-preview:-1"},"canonical":"https:\/\/imrecobros.com\/pt\/tarifas\/","og_locale":"pt_PT","og_type":"article","og_title":"TARIFAS - IMrecobros","og_description":"Entra en nuestra p\u00e1gina de web y descarga nuestras tarifas actualizadas de recobro y obt\u00e9n ofertas especiales cada mes.","og_url":"https:\/\/imrecobros.com\/pt\/tarifas\/","og_site_name":"IMrecobros","article_publisher":"https:\/\/www.facebook.com\/IMrecobros","article_modified_time":"2023-11-15T14:31:07+00:00","og_image":[{"url":"https:\/\/imrecobros.com\/wp-content\/uploads\/2023\/01\/Lo-recuperamos-por-ti-696x1024.png"}],"twitter_card":"summary_large_image","twitter_misc":{"Tempo estimado de leitura":"1 minuto"},"schema":{"@context":"https:\/\/schema.org","@graph":[{"@type":"WebPage","@id":"https:\/\/imrecobros.com\/tarifas\/","url":"https:\/\/imrecobros.com\/tarifas\/","name":"TARIFAS - IMrecobros","isPartOf":{"@id":"https:\/\/imrecobros.com\/#website"},"primaryImageOfPage":{"@id":"https:\/\/imrecobros.com\/tarifas\/#primaryimage"},"image":{"@id":"https:\/\/imrecobros.com\/tarifas\/#primaryimage"},"thumbnailUrl":"https:\/\/imrecobros.com\/wp-content\/uploads\/2023\/01\/Lo-recuperamos-por-ti-696x1024.png","datePublished":"2021-03-09T11:14:47+00:00","dateModified":"2023-11-15T14:31:07+00:00","description":"Entra en nuestra p\u00e1gina de web y descarga nuestras tarifas actualizadas de recobro y obt\u00e9n ofertas especiales cada mes.","breadcrumb":{"@id":"https:\/\/imrecobros.com\/tarifas\/#breadcrumb"},"inLanguage":"pt-PT","potentialAction":[{"@type":"ReadAction","target":["https:\/\/imrecobros.com\/tarifas\/"]}]},{"@type":"ImageObject","inLanguage":"pt-PT","@id":"https:\/\/imrecobros.com\/tarifas\/#primaryimage","url":"https:\/\/imrecobros.com\/wp-content\/uploads\/2023\/01\/Lo-recuperamos-por-ti-696x1024.png","contentUrl":"https:\/\/imrecobros.com\/wp-content\/uploads\/2023\/01\/Lo-recuperamos-por-ti-696x1024.png"},{"@type":"BreadcrumbList","@id":"https:\/\/imrecobros.com\/tarifas\/#breadcrumb","itemListElement":[{"@type":"ListItem","position":1,"name":"Portada","item":"https:\/\/imrecobros.com\/"},{"@type":"ListItem","position":2,"name":"TARIFAS"}]},{"@type":"WebSite","@id":"https:\/\/imrecobros.com\/#website","url":"https:\/\/imrecobros.com\/","name":"Recupera\u00e7\u00f5es IM","description":"IMrecobros SL: empresa de cobran\u00e7a e consultoria de cr\u00e9dito","publisher":{"@id":"https:\/\/imrecobros.com\/#organization"},"potentialAction":[{"@type":"SearchAction","target":{"@type":"EntryPoint","urlTemplate":"https:\/\/imrecobros.com\/?s={search_term_string}"},"query-input":"required name=search_term_string"}],"inLanguage":"pt-PT"},{"@type":"Organization","@id":"https:\/\/imrecobros.com\/#organization","name":"IMRECOBROS","url":"https:\/\/imrecobros.com\/","logo":{"@type":"ImageObject","inLanguage":"pt-PT","@id":"https:\/\/imrecobros.com\/#\/schema\/logo\/image\/","url":"https:\/\/imrecobros.com\/wp-content\/uploads\/2021\/01\/LOGO_IMRECOBROS-DEFINITIU.png","contentUrl":"https:\/\/imrecobros.com\/wp-content\/uploads\/2021\/01\/LOGO_IMRECOBROS-DEFINITIU.png","width":339,"height":194,"caption":"IMRECOBROS"},"image":{"@id":"https:\/\/imrecobros.com\/#\/schema\/logo\/image\/"},"sameAs":["https:\/\/www.facebook.com\/IMrecobros","https:\/\/www.linkedin.com\/company\/imrecobros"]}]}},"_links":{"self":[{"href":"https:\/\/imrecobros.com\/pt\/wp-json\/wp\/v2\/pages\/1212"}],"collection":[{"href":"https:\/\/imrecobros.com\/pt\/wp-json\/wp\/v2\/pages"}],"about":[{"href":"https:\/\/imrecobros.com\/pt\/wp-json\/wp\/v2\/types\/page"}],"author":[{"embeddable":true,"href":"https:\/\/imrecobros.com\/pt\/wp-json\/wp\/v2\/users\/3"}],"replies":[{"embeddable":true,"href":"https:\/\/imrecobros.com\/pt\/wp-json\/wp\/v2\/comments?post=1212"}],"version-history":[{"count":22,"href":"https:\/\/imrecobros.com\/pt\/wp-json\/wp\/v2\/pages\/1212\/revisions"}],"predecessor-version":[{"id":4781,"href":"https:\/\/imrecobros.com\/pt\/wp-json\/wp\/v2\/pages\/1212\/revisions\/4781"}],"wp:attachment":[{"href":"https:\/\/imrecobros.com\/pt\/wp-json\/wp\/v2\/media?parent=1212"}],"curies":[{"name":"wp","href":"https:\/\/api.w.org\/{rel}","templated":true}]}}