{"id":1322,"date":"2021-03-10T17:04:52","date_gmt":"2021-03-10T17:04:52","guid":{"rendered":"http:\/\/imrecobros.com\/?page_id=1322"},"modified":"2023-01-10T10:09:53","modified_gmt":"2023-01-10T09:09:53","slug":"solicitar-recobro-de-deuda","status":"publish","type":"page","link":"https:\/\/imrecobros.com\/pt\/solicitar-recobro-de-deuda\/","title":{"rendered":"Solicita Recobro de Deuda"},"content":{"rendered":"<div data-elementor-type=\"wp-page\" data-elementor-id=\"1322\" class=\"elementor elementor-1322\">\n\t\t\t\t\t\t<section class=\"elementor-section elementor-top-section elementor-element elementor-element-491f385 elementor-section-boxed elementor-section-height-default elementor-section-height-default\" data-id=\"491f385\" data-element_type=\"section\" data-settings=\"{&quot;background_background&quot;:&quot;classic&quot;}\">\n\t\t\t\t\t\t<div class=\"elementor-container elementor-column-gap-default\">\n\t\t\t\t\t<div class=\"elementor-column elementor-col-100 elementor-top-column elementor-element elementor-element-755e650\" data-id=\"755e650\" data-element_type=\"column\">\n\t\t\t<div class=\"elementor-widget-wrap elementor-element-populated\">\n\t\t\t\t\t\t<div class=\"elementor-element elementor-element-6aadfea elementor-widget elementor-widget-spacer\" data-id=\"6aadfea\" data-element_type=\"widget\" data-widget_type=\"spacer.default\">\n\t\t\t\t<div class=\"elementor-widget-container\">\n\t\t\t\t\t<div class=\"elementor-spacer\">\n\t\t\t<div class=\"elementor-spacer-inner\"><\/div>\n\t\t<\/div>\n\t\t\t\t<\/div>\n\t\t\t\t<\/div>\n\t\t\t\t<section class=\"elementor-section elementor-inner-section elementor-element elementor-element-2e31f66 elementor-section-content-middle elementor-section-boxed elementor-section-height-default elementor-section-height-default\" data-id=\"2e31f66\" data-element_type=\"section\">\n\t\t\t\t\t\t<div class=\"elementor-container elementor-column-gap-default\">\n\t\t\t\t\t<div class=\"elementor-column elementor-col-50 elementor-inner-column elementor-element elementor-element-ef3aa95\" data-id=\"ef3aa95\" data-element_type=\"column\" data-settings=\"{&quot;background_background&quot;:&quot;classic&quot;}\">\n\t\t\t<div class=\"elementor-widget-wrap elementor-element-populated\">\n\t\t\t\t\t\t<div class=\"elementor-element elementor-element-9c776db elementor-widget elementor-widget-heading\" data-id=\"9c776db\" data-element_type=\"widget\" data-widget_type=\"heading.default\">\n\t\t\t\t<div class=\"elementor-widget-container\">\n\t\t\t<h1 class=\"elementor-heading-title elementor-size-default\">Voc\u00ea quer seu dinheiro de volta?<\/h1>\t\t<\/div>\n\t\t\t\t<\/div>\n\t\t\t\t<div class=\"elementor-element elementor-element-fb0057d elementor-widget-divider--view-line elementor-widget elementor-widget-divider\" data-id=\"fb0057d\" data-element_type=\"widget\" data-widget_type=\"divider.default\">\n\t\t\t\t<div class=\"elementor-widget-container\">\n\t\t\t\t\t<div class=\"elementor-divider\">\n\t\t\t<span class=\"elementor-divider-separator\">\n\t\t\t\t\t\t<\/span>\n\t\t<\/div>\n\t\t\t\t<\/div>\n\t\t\t\t<\/div>\n\t\t\t\t<div class=\"elementor-element elementor-element-239db00 elementor-widget elementor-widget-spacer\" data-id=\"239db00\" data-element_type=\"widget\" data-widget_type=\"spacer.default\">\n\t\t\t\t<div class=\"elementor-widget-container\">\n\t\t\t\t\t<div class=\"elementor-spacer\">\n\t\t\t<div class=\"elementor-spacer-inner\"><\/div>\n\t\t<\/div>\n\t\t\t\t<\/div>\n\t\t\t\t<\/div>\n\t\t\t\t<div class=\"elementor-element elementor-element-10cb5e6 elementor-widget elementor-widget-text-editor\" data-id=\"10cb5e6\" data-element_type=\"widget\" data-widget_type=\"text-editor.default\">\n\t\t\t\t<div class=\"elementor-widget-container\">\n\t\t\t\t\t\t\t<p>Ligue para n\u00f3s em<span style=\"color: #ffffff;\"> <a style=\"color: #ffffff;\" href=\"http:\/\/935954644\" data-wplink-url-error=\"true\"><b>935 95 46 44<\/b><\/a><\/span> ou preencha o formul\u00e1rio para come\u00e7ar a gerenciar seu <a href=\"https:\/\/imrecobros.com\/pt\/recobro-deudas\/\"><strong><span style=\"color: #ffffff;\">cobran\u00e7a de d\u00edvidas<\/span><\/strong><\/a>.<\/p><p>Receba o pagamento em no m\u00e1ximo 30 dias!<\/p>\t\t\t\t\t\t<\/div>\n\t\t\t\t<\/div>\n\t\t\t\t<div class=\"elementor-element elementor-element-91d4e82 elementor-widget elementor-widget-spacer\" data-id=\"91d4e82\" data-element_type=\"widget\" data-widget_type=\"spacer.default\">\n\t\t\t\t<div class=\"elementor-widget-container\">\n\t\t\t\t\t<div class=\"elementor-spacer\">\n\t\t\t<div class=\"elementor-spacer-inner\"><\/div>\n\t\t<\/div>\n\t\t\t\t<\/div>\n\t\t\t\t<\/div>\n\t\t\t\t<div class=\"elementor-element elementor-element-a48a53a elementor-widget elementor-widget-text-editor\" data-id=\"a48a53a\" data-element_type=\"widget\" data-widget_type=\"text-editor.default\">\n\t\t\t\t<div class=\"elementor-widget-container\">\n\t\t\t\t\t\t\t<p style=\"text-align: center;\"><b style=\"font-style: inherit;\">LEMBRE-SE QUE QUANTO MAIS TEMPO PASSA, MAIS DIF\u00cdCIL \u00c9 A COLETA. FA\u00c7A-NOS AS SUAS PERGUNTAS\u00a0<\/b><b style=\"font-style: inherit;\"><span style=\"text-decoration: underline;\">O MAIS BREVE POSS\u00cdVEL<\/span>.\u00a0<\/b><\/p><p style=\"text-align: center;\">\u00a0<\/p>\t\t\t\t\t\t<\/div>\n\t\t\t\t<\/div>\n\t\t\t\t\t<\/div>\n\t\t<\/div>\n\t\t\t\t<div class=\"elementor-column elementor-col-50 elementor-inner-column elementor-element elementor-element-f9b23ba\" data-id=\"f9b23ba\" data-element_type=\"column\" data-settings=\"{&quot;background_background&quot;:&quot;classic&quot;}\">\n\t\t\t<div class=\"elementor-widget-wrap elementor-element-populated\">\n\t\t\t\t\t\t<div class=\"elementor-element elementor-element-88a2aba elementor-widget elementor-widget-text-editor\" data-id=\"88a2aba\" data-element_type=\"widget\" data-widget_type=\"text-editor.default\">\n\t\t\t\t<div class=\"elementor-widget-container\">\n\t\t\t\t\t\t\t<p>\n<div class=\"wpcf7 no-js\" id=\"wpcf7-f1254-o1\" lang=\"es-ES\" dir=\"ltr\">\n<div class=\"screen-reader-response\"><p role=\"status\" aria-live=\"polite\" aria-atomic=\"true\"><\/p> <ul><\/ul><\/div>\n<form action=\"\/pt\/wp-json\/wp\/v2\/pages\/1322#wpcf7-f1254-o1\" method=\"post\" class=\"wpcf7-form init\" aria-label=\"Formulario de contacto\" novalidate=\"novalidate\" data-status=\"init\" data-trp-original-action=\"\/pt\/wp-json\/wp\/v2\/pages\/1322#wpcf7-f1254-o1\">\n<div style=\"display: none;\">\n<input type=\"hidden\" name=\"_wpcf7\" value=\"1254\" \/>\n<input type=\"hidden\" name=\"_wpcf7_version\" value=\"5.9.8\" \/>\n<input type=\"hidden\" name=\"_wpcf7_locale\" value=\"es_ES\" \/>\n<input type=\"hidden\" name=\"_wpcf7_unit_tag\" value=\"wpcf7-f1254-o1\" \/>\n<input type=\"hidden\" name=\"_wpcf7_container_post\" value=\"0\" \/>\n<input type=\"hidden\" name=\"_wpcf7_posted_data_hash\" value=\"\" \/>\n<input type=\"hidden\" name=\"_wpcf7_recaptcha_response\" value=\"\" \/>\n<\/div>\n<p><label> Nome<br \/>\n<span class=\"wpcf7-form-control-wrap\" data-name=\"your-name\"><input size=\"40\" maxlength=\"400\" class=\"wpcf7-form-control wpcf7-text wpcf7-validates-as-required\" aria-required=\"true\" aria-invalid=\"false\" value=\"\" type=\"text\" name=\"your-name\" \/><\/span> <\/label>\n<\/p>\n<p><label> Empresa<br \/>\n<span class=\"wpcf7-form-control-wrap\" data-name=\"Empresa\"><input size=\"40\" maxlength=\"400\" class=\"wpcf7-form-control wpcf7-text 1\" id=\"1\" aria-invalid=\"false\" value=\"\" type=\"text\" name=\"Empresa\" \/><\/span> <\/label>\n<\/p>\n<p><label> E-mail<br \/>\n<span class=\"wpcf7-form-control-wrap\" data-name=\"your-email\"><input size=\"40\" maxlength=\"400\" class=\"wpcf7-form-control wpcf7-email wpcf7-validates-as-required wpcf7-text wpcf7-validates-as-email\" aria-required=\"true\" aria-invalid=\"false\" value=\"\" type=\"email\" name=\"your-email\" \/><\/span> <\/label>\n<\/p>\n<p><label> Telefone<br \/>\n<span class=\"wpcf7-form-control-wrap\" data-name=\"tel-370\"><input size=\"40\" maxlength=\"400\" class=\"wpcf7-form-control wpcf7-tel wpcf7-text wpcf7-validates-as-tel\" aria-invalid=\"false\" value=\"\" type=\"tel\" name=\"tel-370\" \/><\/span> <\/label>\n<\/p>\n<p><span class=\"wpcf7-form-control-wrap\" data-name=\"radio-957\"><span class=\"wpcf7-form-control wpcf7-radio\"><span class=\"wpcf7-list-item first\"><label><input type=\"radio\" name=\"radio-957\" value=\"Recobro Premium\" checked=\"checked\" \/><span class=\"wpcf7-list-item-label\">Cole\u00e7\u00e3o Premium<\/span><\/label><\/span><span class=\"wpcf7-list-item\"><label><input type=\"radio\" name=\"radio-957\" value=\"Recobro Basic\" \/><span class=\"wpcf7-list-item-label\">Cole\u00e7\u00e3o B\u00e1sica<\/span><\/label><\/span><span class=\"wpcf7-list-item last\"><label><input type=\"radio\" name=\"radio-957\" value=\"Recobro Puntual\" \/><span class=\"wpcf7-list-item-label\">Coleta Pontual<\/span><\/label><\/span><\/span><\/span>\n<\/p>\n<p><label> Mensagem<br \/>\n<span class=\"wpcf7-form-control-wrap\" data-name=\"your-message\"><textarea cols=\"40\" rows=\"10\" maxlength=\"2000\" class=\"wpcf7-form-control wpcf7-textarea\" aria-invalid=\"false\" name=\"your-message\"><\/textarea><\/span> <\/label>\n<\/p>\n<p><span class=\"wpcf7-form-control-wrap\" data-name=\"acceptance-201\"><span class=\"wpcf7-form-control wpcf7-acceptance\"><span class=\"wpcf7-list-item\"><label><input type=\"checkbox\" name=\"acceptance-201\" value=\"1\" aria-invalid=\"false\" \/><span class=\"wpcf7-list-item-label\">eu aceito o <a hred=\"http:\/\/imrecobros.com\/politicas-de-privacidad\/\">pol\u00edtica de Privacidade<\/a><\/span><\/label><\/span><\/span><\/span>\n<\/p>\n<span class=\"wpcf7-form-control-wrap recaptcha\" data-name=\"recaptcha\"><span data-sitekey=\"6LdkLtcaAAAAAGOEQ5_MNLRHhlhUXdWa1ECDi2RU\" class=\"wpcf7-form-control wpcf7-recaptcha g-recaptcha\"><\/span>\r\n<noscript>\r\n\t<div class=\"grecaptcha-noscript\">\r\n\t\t<iframe src=\"https:\/\/www.google.com\/recaptcha\/api\/fallback?k=6LdkLtcaAAAAAGOEQ5_MNLRHhlhUXdWa1ECDi2RU\" frameborder=\"0\" scrolling=\"no\" width=\"310\" height=\"430\">\r\n\t\t<\/iframe>\r\n\t\t<textarea name=\"g-recaptcha-response\" rows=\"3\" cols=\"40\" placeholder=\"Aqu\u00ed la respuesta de reCAPTCHA\">\r\n\t\t<\/textarea>\r\n\t<\/div>\r\n<\/noscript>\r\n<\/span>\n<div style=\"\u00bbclear:\" both;\u00bb>\n\t<p>&nbsp;\n\t<\/p>\n<\/div>\n<p><input class=\"wpcf7-form-control wpcf7-submit has-spinner\" type=\"submit\" value=\"Enviar\" \/>\n<\/p><p style=\"display: none !important;\" class=\"akismet-fields-container\" data-prefix=\"_wpcf7_ak_\"><label>&#916;<textarea name=\"_wpcf7_ak_hp_textarea\" cols=\"45\" rows=\"8\" maxlength=\"100\"><\/textarea><\/label><input type=\"hidden\" id=\"ak_js_1\" name=\"_wpcf7_ak_js\" value=\"223\"\/><script>document.getElementById( \"ak_js_1\" ).setAttribute( \"value\", ( new Date() ).getTime() );<\/script><\/p><div class=\"wpcf7-response-output\" aria-hidden=\"true\"><\/div>\n<input type=\"hidden\" name=\"trp-form-language\" value=\"pt\"\/><\/form>\n<\/div>\n<\/p>\t\t\t\t\t\t<\/div>\n\t\t\t\t<\/div>\n\t\t\t\t\t<\/div>\n\t\t<\/div>\n\t\t\t\t\t<\/div>\n\t\t<\/section>\n\t\t\t\t\t<\/div>\n\t\t<\/div>\n\t\t\t\t\t<\/div>\n\t\t<\/section>\n\t\t\t\t<\/div>","protected":false},"excerpt":{"rendered":"<p>\u00bfQuieres recuperar tu dinero? Ll\u00e1manos al 935 95 46 44 o rellena el formulario para poder empezar a gestionar tu recobro de deuda. \u00a1C\u00f3bralo en un m\u00e1ximo de 30 d\u00edas! RECUERDA QUE, A M\u00c1S TIEMPO TRANSCURRIDO, M\u00c1S DIF\u00cdCIL ES COBRAR. CONS\u00daLTANOS TUS DUDAS\u00a0LO ANTES POSIBLE.\u00a0 \u00a0<\/p>","protected":false},"author":3,"featured_media":0,"parent":0,"menu_order":0,"comment_status":"closed","ping_status":"closed","template":"","meta":{"site-sidebar-layout":"no-sidebar","site-content-layout":"page-builder","ast-global-header-display":"","ast-main-header-display":"","ast-hfb-above-header-display":"","ast-hfb-below-header-display":"","ast-hfb-mobile-header-display":"","site-post-title":"disabled","ast-breadcrumbs-content":"","ast-featured-img":"disabled","footer-sml-layout":"","theme-transparent-header-meta":"default","adv-header-id-meta":"","stick-header-meta":"","header-above-stick-meta":"","header-main-stick-meta":"","header-below-stick-meta":"","footnotes":""},"yoast_head":"<!-- This site is optimized with the Yoast SEO plugin v23.3 - https:\/\/yoast.com\/wordpress\/plugins\/seo\/ -->\n<title>Solicita Recobro de Deuda - IMrecobros - 93 595 46 44<\/title>\n<meta name=\"description\" content=\"Ll\u00e1manos al 93 595 46 44 y solicita nuestro recobro de deuda, o bien rellena el formulario para que contractemos contigo.\" \/>\n<meta name=\"robots\" content=\"index, follow, max-snippet:-1, max-image-preview:large, max-video-preview:-1\" \/>\n<link rel=\"canonical\" href=\"https:\/\/imrecobros.com\/pt\/solicitar-recobro-de-deuda\/\" \/>\n<meta property=\"og:locale\" content=\"pt_PT\" \/>\n<meta property=\"og:type\" content=\"article\" \/>\n<meta property=\"og:title\" content=\"Solicita Recobro de Deuda - IMrecobros - 93 595 46 44\" \/>\n<meta property=\"og:description\" content=\"Ll\u00e1manos al 93 595 46 44 y solicita nuestro recobro de deuda, o bien rellena el formulario para que contractemos contigo.\" \/>\n<meta property=\"og:url\" content=\"https:\/\/imrecobros.com\/pt\/solicitar-recobro-de-deuda\/\" \/>\n<meta property=\"og:site_name\" content=\"IMrecobros\" \/>\n<meta property=\"article:publisher\" content=\"https:\/\/www.facebook.com\/IMrecobros\" \/>\n<meta property=\"article:modified_time\" content=\"2023-01-10T09:09:53+00:00\" \/>\n<meta name=\"twitter:card\" content=\"summary_large_image\" \/>\n<meta name=\"twitter:label1\" content=\"Tempo estimado de leitura\" \/>\n\t<meta name=\"twitter:data1\" content=\"1 minuto\" \/>\n<script type=\"application\/ld+json\" class=\"yoast-schema-graph\">{\"@context\":\"https:\/\/schema.org\",\"@graph\":[{\"@type\":\"WebPage\",\"@id\":\"https:\/\/imrecobros.com\/solicitar-recobro-de-deuda\/\",\"url\":\"https:\/\/imrecobros.com\/solicitar-recobro-de-deuda\/\",\"name\":\"Solicita Recobro de Deuda - IMrecobros - 93 595 46 44\",\"isPartOf\":{\"@id\":\"https:\/\/imrecobros.com\/#website\"},\"datePublished\":\"2021-03-10T17:04:52+00:00\",\"dateModified\":\"2023-01-10T09:09:53+00:00\",\"description\":\"Ll\u00e1manos al 93 595 46 44 y solicita nuestro recobro de deuda, o bien rellena el formulario para que contractemos contigo.\",\"breadcrumb\":{\"@id\":\"https:\/\/imrecobros.com\/solicitar-recobro-de-deuda\/#breadcrumb\"},\"inLanguage\":\"pt-PT\",\"potentialAction\":[{\"@type\":\"ReadAction\",\"target\":[\"https:\/\/imrecobros.com\/solicitar-recobro-de-deuda\/\"]}]},{\"@type\":\"BreadcrumbList\",\"@id\":\"https:\/\/imrecobros.com\/solicitar-recobro-de-deuda\/#breadcrumb\",\"itemListElement\":[{\"@type\":\"ListItem\",\"position\":1,\"name\":\"Portada\",\"item\":\"https:\/\/imrecobros.com\/\"},{\"@type\":\"ListItem\",\"position\":2,\"name\":\"Solicita Recobro de Deuda\"}]},{\"@type\":\"WebSite\",\"@id\":\"https:\/\/imrecobros.com\/#website\",\"url\":\"https:\/\/imrecobros.com\/\",\"name\":\"IMrecobros\",\"description\":\"IMrecobros SL: empresa de recobro y consultor\u00eda de cr\u00e9dito\",\"publisher\":{\"@id\":\"https:\/\/imrecobros.com\/#organization\"},\"potentialAction\":[{\"@type\":\"SearchAction\",\"target\":{\"@type\":\"EntryPoint\",\"urlTemplate\":\"https:\/\/imrecobros.com\/?s={search_term_string}\"},\"query-input\":\"required name=search_term_string\"}],\"inLanguage\":\"pt-PT\"},{\"@type\":\"Organization\",\"@id\":\"https:\/\/imrecobros.com\/#organization\",\"name\":\"IMRECOBROS\",\"url\":\"https:\/\/imrecobros.com\/\",\"logo\":{\"@type\":\"ImageObject\",\"inLanguage\":\"pt-PT\",\"@id\":\"https:\/\/imrecobros.com\/#\/schema\/logo\/image\/\",\"url\":\"https:\/\/imrecobros.com\/wp-content\/uploads\/2021\/01\/LOGO_IMRECOBROS-DEFINITIU.png\",\"contentUrl\":\"https:\/\/imrecobros.com\/wp-content\/uploads\/2021\/01\/LOGO_IMRECOBROS-DEFINITIU.png\",\"width\":339,\"height\":194,\"caption\":\"IMRECOBROS\"},\"image\":{\"@id\":\"https:\/\/imrecobros.com\/#\/schema\/logo\/image\/\"},\"sameAs\":[\"https:\/\/www.facebook.com\/IMrecobros\",\"https:\/\/www.linkedin.com\/company\/imrecobros\"]}]}<\/script>\n<!-- \/ Yoast SEO plugin. -->","yoast_head_json":{"title":"Solicita Recobro de Deuda - IMrecobros - 93 595 46 44","description":"Ll\u00e1manos al 93 595 46 44 y solicita nuestro recobro de deuda, o bien rellena el formulario para que contractemos contigo.","robots":{"index":"index","follow":"follow","max-snippet":"max-snippet:-1","max-image-preview":"max-image-preview:large","max-video-preview":"max-video-preview:-1"},"canonical":"https:\/\/imrecobros.com\/pt\/solicitar-recobro-de-deuda\/","og_locale":"pt_PT","og_type":"article","og_title":"Solicita Recobro de Deuda - IMrecobros - 93 595 46 44","og_description":"Ll\u00e1manos al 93 595 46 44 y solicita nuestro recobro de deuda, o bien rellena el formulario para que contractemos contigo.","og_url":"https:\/\/imrecobros.com\/pt\/solicitar-recobro-de-deuda\/","og_site_name":"IMrecobros","article_publisher":"https:\/\/www.facebook.com\/IMrecobros","article_modified_time":"2023-01-10T09:09:53+00:00","twitter_card":"summary_large_image","twitter_misc":{"Tempo estimado de leitura":"1 minuto"},"schema":{"@context":"https:\/\/schema.org","@graph":[{"@type":"WebPage","@id":"https:\/\/imrecobros.com\/solicitar-recobro-de-deuda\/","url":"https:\/\/imrecobros.com\/solicitar-recobro-de-deuda\/","name":"Solicita Recobro de Deuda - IMrecobros - 93 595 46 44","isPartOf":{"@id":"https:\/\/imrecobros.com\/#website"},"datePublished":"2021-03-10T17:04:52+00:00","dateModified":"2023-01-10T09:09:53+00:00","description":"Ll\u00e1manos al 93 595 46 44 y solicita nuestro recobro de deuda, o bien rellena el formulario para que contractemos contigo.","breadcrumb":{"@id":"https:\/\/imrecobros.com\/solicitar-recobro-de-deuda\/#breadcrumb"},"inLanguage":"pt-PT","potentialAction":[{"@type":"ReadAction","target":["https:\/\/imrecobros.com\/solicitar-recobro-de-deuda\/"]}]},{"@type":"BreadcrumbList","@id":"https:\/\/imrecobros.com\/solicitar-recobro-de-deuda\/#breadcrumb","itemListElement":[{"@type":"ListItem","position":1,"name":"Portada","item":"https:\/\/imrecobros.com\/"},{"@type":"ListItem","position":2,"name":"Solicita Recobro de Deuda"}]},{"@type":"WebSite","@id":"https:\/\/imrecobros.com\/#website","url":"https:\/\/imrecobros.com\/","name":"Recupera\u00e7\u00f5es IM","description":"IMrecobros SL: empresa de cobran\u00e7a e consultoria de cr\u00e9dito","publisher":{"@id":"https:\/\/imrecobros.com\/#organization"},"potentialAction":[{"@type":"SearchAction","target":{"@type":"EntryPoint","urlTemplate":"https:\/\/imrecobros.com\/?s={search_term_string}"},"query-input":"required name=search_term_string"}],"inLanguage":"pt-PT"},{"@type":"Organization","@id":"https:\/\/imrecobros.com\/#organization","name":"IMRECOBROS","url":"https:\/\/imrecobros.com\/","logo":{"@type":"ImageObject","inLanguage":"pt-PT","@id":"https:\/\/imrecobros.com\/#\/schema\/logo\/image\/","url":"https:\/\/imrecobros.com\/wp-content\/uploads\/2021\/01\/LOGO_IMRECOBROS-DEFINITIU.png","contentUrl":"https:\/\/imrecobros.com\/wp-content\/uploads\/2021\/01\/LOGO_IMRECOBROS-DEFINITIU.png","width":339,"height":194,"caption":"IMRECOBROS"},"image":{"@id":"https:\/\/imrecobros.com\/#\/schema\/logo\/image\/"},"sameAs":["https:\/\/www.facebook.com\/IMrecobros","https:\/\/www.linkedin.com\/company\/imrecobros"]}]}},"_links":{"self":[{"href":"https:\/\/imrecobros.com\/pt\/wp-json\/wp\/v2\/pages\/1322"}],"collection":[{"href":"https:\/\/imrecobros.com\/pt\/wp-json\/wp\/v2\/pages"}],"about":[{"href":"https:\/\/imrecobros.com\/pt\/wp-json\/wp\/v2\/types\/page"}],"author":[{"embeddable":true,"href":"https:\/\/imrecobros.com\/pt\/wp-json\/wp\/v2\/users\/3"}],"replies":[{"embeddable":true,"href":"https:\/\/imrecobros.com\/pt\/wp-json\/wp\/v2\/comments?post=1322"}],"version-history":[{"count":7,"href":"https:\/\/imrecobros.com\/pt\/wp-json\/wp\/v2\/pages\/1322\/revisions"}],"predecessor-version":[{"id":4770,"href":"https:\/\/imrecobros.com\/pt\/wp-json\/wp\/v2\/pages\/1322\/revisions\/4770"}],"wp:attachment":[{"href":"https:\/\/imrecobros.com\/pt\/wp-json\/wp\/v2\/media?parent=1322"}],"curies":[{"name":"wp","href":"https:\/\/api.w.org\/{rel}","templated":true}]}}