{"id":1386,"date":"2021-03-11T09:45:09","date_gmt":"2021-03-11T09:45:09","guid":{"rendered":"http:\/\/imrecobros.com\/?page_id=1386"},"modified":"2024-01-25T09:03:29","modified_gmt":"2024-01-25T08:03:29","slug":"gracias-newsletter","status":"publish","type":"page","link":"https:\/\/imrecobros.com\/pt\/gracias-newsletter\/","title":{"rendered":"Gracias por subscribirte a nuestra Newsletter"},"content":{"rendered":"<div data-elementor-type=\"wp-page\" data-elementor-id=\"1386\" class=\"elementor elementor-1386\">\n\t\t\t\t\t\t<section class=\"elementor-section elementor-top-section elementor-element elementor-element-92e8220 elementor-section-boxed elementor-section-height-default elementor-section-height-default\" data-id=\"92e8220\" data-element_type=\"section\">\n\t\t\t\t\t\t<div class=\"elementor-container elementor-column-gap-default\">\n\t\t\t\t\t<div class=\"elementor-column elementor-col-100 elementor-top-column elementor-element elementor-element-025f17d\" data-id=\"025f17d\" data-element_type=\"column\">\n\t\t\t<div class=\"elementor-widget-wrap\">\n\t\t\t\t\t\t\t<\/div>\n\t\t<\/div>\n\t\t\t\t\t<\/div>\n\t\t<\/section>\n\t\t\t\t<section class=\"elementor-section elementor-top-section elementor-element elementor-element-7ebd698 elementor-section-content-middle elementor-section-boxed elementor-section-height-default elementor-section-height-default\" data-id=\"7ebd698\" data-element_type=\"section\">\n\t\t\t\t\t\t<div class=\"elementor-container elementor-column-gap-default\">\n\t\t\t\t\t<div class=\"elementor-column elementor-col-50 elementor-top-column elementor-element elementor-element-231a954\" data-id=\"231a954\" data-element_type=\"column\">\n\t\t\t<div class=\"elementor-widget-wrap elementor-element-populated\">\n\t\t\t\t\t\t<div class=\"elementor-element elementor-element-cf18272 elementor-widget elementor-widget-heading\" data-id=\"cf18272\" data-element_type=\"widget\" data-widget_type=\"heading.default\">\n\t\t\t\t<div class=\"elementor-widget-container\">\n\t\t\t<h2 class=\"elementor-heading-title elementor-size-default\">\u00a1Muchas Gracias por suscribirte a la Newsletter!<\/h2>\t\t<\/div>\n\t\t\t\t<\/div>\n\t\t\t\t<div class=\"elementor-element elementor-element-4807474 elementor-widget elementor-widget-text-editor\" data-id=\"4807474\" data-element_type=\"widget\" data-widget_type=\"text-editor.default\">\n\t\t\t\t<div class=\"elementor-widget-container\">\n\t\t\t\t\t\t\t<p><span style=\"color: #000000;\">\u00a1Ahora ya estar\u00e1s al d\u00eda de todas las novedades<i>\u00a0<\/i>y obtendr\u00e1s contenido exclusivo, ofertas y descuentos de IMrecobros!\u00a0<\/span><\/p><p><span style=\"color: #000000;\"><span style=\"font-size: 20px;\">Si tienes cualquier duda sobre el recobro de Deuda o Consultor\u00eda de Cr\u00e9dito contacta con nosotros:<\/span><b style=\"font-style: inherit;\"> info@imrecobros.com<\/b><span style=\"font-size: 20px;\"> \/ <\/span><b style=\"font-style: inherit;\">935 95 46 44<\/b><span style=\"font-size: 20px;\">.<\/span><\/span><\/p>\t\t\t\t\t\t<\/div>\n\t\t\t\t<\/div>\n\t\t\t\t<div class=\"elementor-element elementor-element-048f010 elementor-align-left elementor-widget elementor-widget-button\" data-id=\"048f010\" data-element_type=\"widget\" data-widget_type=\"button.default\">\n\t\t\t\t<div class=\"elementor-widget-container\">\n\t\t\t\t\t<div class=\"elementor-button-wrapper\">\n\t\t\t<a class=\"elementor-button elementor-button-link elementor-size-md\" href=\"http:\/\/imrecobros.com\/pt\/\">\n\t\t\t\t\t\t<span class=\"elementor-button-content-wrapper\">\n\t\t\t\t\t\t<span class=\"elementor-button-icon elementor-align-icon-right\">\n\t\t\t\t<i aria-hidden=\"true\" class=\"fas fa-long-arrow-alt-right\"><\/i>\t\t\t<\/span>\n\t\t\t\t\t\t<span class=\"elementor-button-text\">De volta para casa<\/span>\n\t\t<\/span>\n\t\t\t\t\t<\/a>\n\t\t<\/div>\n\t\t\t\t<\/div>\n\t\t\t\t<\/div>\n\t\t\t\t\t<\/div>\n\t\t<\/div>\n\t\t\t\t<div class=\"elementor-column elementor-col-50 elementor-top-column elementor-element elementor-element-ef1a234\" data-id=\"ef1a234\" data-element_type=\"column\">\n\t\t\t<div class=\"elementor-widget-wrap elementor-element-populated\">\n\t\t\t\t\t\t<div class=\"elementor-element elementor-element-f70dde3 elementor-widget elementor-widget-image\" data-id=\"f70dde3\" data-element_type=\"widget\" data-widget_type=\"image.default\">\n\t\t\t\t<div class=\"elementor-widget-container\">\n\t\t\t\t\t\t\t\t\t\t\t\t\t<img fetchpriority=\"high\" decoding=\"async\" width=\"800\" height=\"809\" src=\"https:\/\/imrecobros.com\/wp-content\/uploads\/2021\/01\/img1-1.png\" class=\"attachment-large size-large wp-image-464\" alt=\"\" srcset=\"https:\/\/imrecobros.com\/wp-content\/uploads\/2021\/01\/img1-1.png 800w, https:\/\/imrecobros.com\/wp-content\/uploads\/2021\/01\/img1-1-297x300.png 297w, https:\/\/imrecobros.com\/wp-content\/uploads\/2021\/01\/img1-1-768x777.png 768w\" sizes=\"(max-width: 800px) 100vw, 800px\" \/>\t\t\t\t\t\t\t\t\t\t\t\t\t<\/div>\n\t\t\t\t<\/div>\n\t\t\t\t\t<\/div>\n\t\t<\/div>\n\t\t\t\t\t<\/div>\n\t\t<\/section>\n\t\t\t\t<\/div>","protected":false},"excerpt":{"rendered":"<p>\u00a1Muchas Gracias por suscribirte a la Newsletter! \u00a1Ahora ya estar\u00e1s al d\u00eda de todas las novedades&nbsp;y obtendr\u00e1s contenido exclusivo, ofertas y descuentos de IMrecobros!&nbsp; Si tienes cualquier duda sobre el recobro de Deuda o Consultor\u00eda de Cr\u00e9dito contacta con nosotros: info@imrecobros.com \/ 935 95 46 44. Volver Inicio<\/p>","protected":false},"author":3,"featured_media":0,"parent":0,"menu_order":0,"comment_status":"closed","ping_status":"closed","template":"","meta":{"site-sidebar-layout":"no-sidebar","site-content-layout":"page-builder","ast-global-header-display":"","ast-main-header-display":"","ast-hfb-above-header-display":"","ast-hfb-below-header-display":"","ast-hfb-mobile-header-display":"","site-post-title":"disabled","ast-breadcrumbs-content":"","ast-featured-img":"disabled","footer-sml-layout":"","theme-transparent-header-meta":"default","adv-header-id-meta":"","stick-header-meta":"","header-above-stick-meta":"","header-main-stick-meta":"","header-below-stick-meta":"","footnotes":""},"yoast_head":"<!-- This site is optimized with the Yoast SEO plugin v23.3 - https:\/\/yoast.com\/wordpress\/plugins\/seo\/ -->\n<title>Gracias por subscribirte a nuestra Newsletter - IMrecobros<\/title>\n<meta name=\"description\" content=\"P\u00e1gina para agradecer la subscripci\u00f3n a nuestra newletter. Esta acci\u00f3n es muy importante para nosotros. Muchas gracias!\" \/>\n<meta name=\"robots\" content=\"index, follow, max-snippet:-1, max-image-preview:large, max-video-preview:-1\" \/>\n<link rel=\"canonical\" href=\"https:\/\/imrecobros.com\/pt\/gracias-newsletter\/\" \/>\n<meta property=\"og:locale\" content=\"pt_PT\" \/>\n<meta property=\"og:type\" content=\"article\" \/>\n<meta property=\"og:title\" content=\"Gracias por subscribirte a nuestra Newsletter - IMrecobros\" \/>\n<meta property=\"og:description\" content=\"P\u00e1gina para agradecer la subscripci\u00f3n a nuestra newletter. Esta acci\u00f3n es muy importante para nosotros. Muchas gracias!\" \/>\n<meta property=\"og:url\" content=\"https:\/\/imrecobros.com\/pt\/gracias-newsletter\/\" \/>\n<meta property=\"og:site_name\" content=\"IMrecobros\" \/>\n<meta property=\"article:publisher\" content=\"https:\/\/www.facebook.com\/IMrecobros\" \/>\n<meta property=\"article:modified_time\" content=\"2024-01-25T08:03:29+00:00\" \/>\n<meta property=\"og:image\" content=\"https:\/\/imrecobros.com\/wp-content\/uploads\/2021\/01\/img1-1.png\" \/>\n<meta name=\"twitter:card\" content=\"summary_large_image\" \/>\n<meta name=\"twitter:label1\" content=\"Tempo estimado de leitura\" \/>\n\t<meta name=\"twitter:data1\" content=\"1 minuto\" \/>\n<script type=\"application\/ld+json\" class=\"yoast-schema-graph\">{\"@context\":\"https:\/\/schema.org\",\"@graph\":[{\"@type\":\"WebPage\",\"@id\":\"https:\/\/imrecobros.com\/gracias-newsletter\/\",\"url\":\"https:\/\/imrecobros.com\/gracias-newsletter\/\",\"name\":\"Gracias por subscribirte a nuestra Newsletter - IMrecobros\",\"isPartOf\":{\"@id\":\"https:\/\/imrecobros.com\/#website\"},\"primaryImageOfPage\":{\"@id\":\"https:\/\/imrecobros.com\/gracias-newsletter\/#primaryimage\"},\"image\":{\"@id\":\"https:\/\/imrecobros.com\/gracias-newsletter\/#primaryimage\"},\"thumbnailUrl\":\"https:\/\/imrecobros.com\/wp-content\/uploads\/2021\/01\/img1-1.png\",\"datePublished\":\"2021-03-11T09:45:09+00:00\",\"dateModified\":\"2024-01-25T08:03:29+00:00\",\"description\":\"P\u00e1gina para agradecer la subscripci\u00f3n a nuestra newletter. Esta acci\u00f3n es muy importante para nosotros. Muchas gracias!\",\"breadcrumb\":{\"@id\":\"https:\/\/imrecobros.com\/gracias-newsletter\/#breadcrumb\"},\"inLanguage\":\"pt-PT\",\"potentialAction\":[{\"@type\":\"ReadAction\",\"target\":[\"https:\/\/imrecobros.com\/gracias-newsletter\/\"]}]},{\"@type\":\"ImageObject\",\"inLanguage\":\"pt-PT\",\"@id\":\"https:\/\/imrecobros.com\/gracias-newsletter\/#primaryimage\",\"url\":\"https:\/\/imrecobros.com\/wp-content\/uploads\/2021\/01\/img1-1.png\",\"contentUrl\":\"https:\/\/imrecobros.com\/wp-content\/uploads\/2021\/01\/img1-1.png\"},{\"@type\":\"BreadcrumbList\",\"@id\":\"https:\/\/imrecobros.com\/gracias-newsletter\/#breadcrumb\",\"itemListElement\":[{\"@type\":\"ListItem\",\"position\":1,\"name\":\"Portada\",\"item\":\"https:\/\/imrecobros.com\/\"},{\"@type\":\"ListItem\",\"position\":2,\"name\":\"Gracias por subscribirte a nuestra Newsletter\"}]},{\"@type\":\"WebSite\",\"@id\":\"https:\/\/imrecobros.com\/#website\",\"url\":\"https:\/\/imrecobros.com\/\",\"name\":\"IMrecobros\",\"description\":\"IMrecobros SL: empresa de recobro y consultor\u00eda de cr\u00e9dito\",\"publisher\":{\"@id\":\"https:\/\/imrecobros.com\/#organization\"},\"potentialAction\":[{\"@type\":\"SearchAction\",\"target\":{\"@type\":\"EntryPoint\",\"urlTemplate\":\"https:\/\/imrecobros.com\/?s={search_term_string}\"},\"query-input\":\"required name=search_term_string\"}],\"inLanguage\":\"pt-PT\"},{\"@type\":\"Organization\",\"@id\":\"https:\/\/imrecobros.com\/#organization\",\"name\":\"IMRECOBROS\",\"url\":\"https:\/\/imrecobros.com\/\",\"logo\":{\"@type\":\"ImageObject\",\"inLanguage\":\"pt-PT\",\"@id\":\"https:\/\/imrecobros.com\/#\/schema\/logo\/image\/\",\"url\":\"https:\/\/imrecobros.com\/wp-content\/uploads\/2021\/01\/LOGO_IMRECOBROS-DEFINITIU.png\",\"contentUrl\":\"https:\/\/imrecobros.com\/wp-content\/uploads\/2021\/01\/LOGO_IMRECOBROS-DEFINITIU.png\",\"width\":339,\"height\":194,\"caption\":\"IMRECOBROS\"},\"image\":{\"@id\":\"https:\/\/imrecobros.com\/#\/schema\/logo\/image\/\"},\"sameAs\":[\"https:\/\/www.facebook.com\/IMrecobros\",\"https:\/\/www.linkedin.com\/company\/imrecobros\"]}]}<\/script>\n<!-- \/ Yoast SEO plugin. -->","yoast_head_json":{"title":"Gracias por subscribirte a nuestra Newsletter - IMrecobros","description":"P\u00e1gina para agradecer la subscripci\u00f3n a nuestra newletter. Esta acci\u00f3n es muy importante para nosotros. Muchas gracias!","robots":{"index":"index","follow":"follow","max-snippet":"max-snippet:-1","max-image-preview":"max-image-preview:large","max-video-preview":"max-video-preview:-1"},"canonical":"https:\/\/imrecobros.com\/pt\/gracias-newsletter\/","og_locale":"pt_PT","og_type":"article","og_title":"Gracias por subscribirte a nuestra Newsletter - IMrecobros","og_description":"P\u00e1gina para agradecer la subscripci\u00f3n a nuestra newletter. Esta acci\u00f3n es muy importante para nosotros. Muchas gracias!","og_url":"https:\/\/imrecobros.com\/pt\/gracias-newsletter\/","og_site_name":"IMrecobros","article_publisher":"https:\/\/www.facebook.com\/IMrecobros","article_modified_time":"2024-01-25T08:03:29+00:00","og_image":[{"url":"https:\/\/imrecobros.com\/wp-content\/uploads\/2021\/01\/img1-1.png"}],"twitter_card":"summary_large_image","twitter_misc":{"Tempo estimado de leitura":"1 minuto"},"schema":{"@context":"https:\/\/schema.org","@graph":[{"@type":"WebPage","@id":"https:\/\/imrecobros.com\/gracias-newsletter\/","url":"https:\/\/imrecobros.com\/gracias-newsletter\/","name":"Gracias por subscribirte a nuestra Newsletter - IMrecobros","isPartOf":{"@id":"https:\/\/imrecobros.com\/#website"},"primaryImageOfPage":{"@id":"https:\/\/imrecobros.com\/gracias-newsletter\/#primaryimage"},"image":{"@id":"https:\/\/imrecobros.com\/gracias-newsletter\/#primaryimage"},"thumbnailUrl":"https:\/\/imrecobros.com\/wp-content\/uploads\/2021\/01\/img1-1.png","datePublished":"2021-03-11T09:45:09+00:00","dateModified":"2024-01-25T08:03:29+00:00","description":"P\u00e1gina para agradecer la subscripci\u00f3n a nuestra newletter. Esta acci\u00f3n es muy importante para nosotros. Muchas gracias!","breadcrumb":{"@id":"https:\/\/imrecobros.com\/gracias-newsletter\/#breadcrumb"},"inLanguage":"pt-PT","potentialAction":[{"@type":"ReadAction","target":["https:\/\/imrecobros.com\/gracias-newsletter\/"]}]},{"@type":"ImageObject","inLanguage":"pt-PT","@id":"https:\/\/imrecobros.com\/gracias-newsletter\/#primaryimage","url":"https:\/\/imrecobros.com\/wp-content\/uploads\/2021\/01\/img1-1.png","contentUrl":"https:\/\/imrecobros.com\/wp-content\/uploads\/2021\/01\/img1-1.png"},{"@type":"BreadcrumbList","@id":"https:\/\/imrecobros.com\/gracias-newsletter\/#breadcrumb","itemListElement":[{"@type":"ListItem","position":1,"name":"Portada","item":"https:\/\/imrecobros.com\/"},{"@type":"ListItem","position":2,"name":"Gracias por subscribirte a nuestra Newsletter"}]},{"@type":"WebSite","@id":"https:\/\/imrecobros.com\/#website","url":"https:\/\/imrecobros.com\/","name":"Recupera\u00e7\u00f5es IM","description":"IMrecobros SL: empresa de cobran\u00e7a e consultoria de cr\u00e9dito","publisher":{"@id":"https:\/\/imrecobros.com\/#organization"},"potentialAction":[{"@type":"SearchAction","target":{"@type":"EntryPoint","urlTemplate":"https:\/\/imrecobros.com\/?s={search_term_string}"},"query-input":"required name=search_term_string"}],"inLanguage":"pt-PT"},{"@type":"Organization","@id":"https:\/\/imrecobros.com\/#organization","name":"IMRECOBROS","url":"https:\/\/imrecobros.com\/","logo":{"@type":"ImageObject","inLanguage":"pt-PT","@id":"https:\/\/imrecobros.com\/#\/schema\/logo\/image\/","url":"https:\/\/imrecobros.com\/wp-content\/uploads\/2021\/01\/LOGO_IMRECOBROS-DEFINITIU.png","contentUrl":"https:\/\/imrecobros.com\/wp-content\/uploads\/2021\/01\/LOGO_IMRECOBROS-DEFINITIU.png","width":339,"height":194,"caption":"IMRECOBROS"},"image":{"@id":"https:\/\/imrecobros.com\/#\/schema\/logo\/image\/"},"sameAs":["https:\/\/www.facebook.com\/IMrecobros","https:\/\/www.linkedin.com\/company\/imrecobros"]}]}},"_links":{"self":[{"href":"https:\/\/imrecobros.com\/pt\/wp-json\/wp\/v2\/pages\/1386"}],"collection":[{"href":"https:\/\/imrecobros.com\/pt\/wp-json\/wp\/v2\/pages"}],"about":[{"href":"https:\/\/imrecobros.com\/pt\/wp-json\/wp\/v2\/types\/page"}],"author":[{"embeddable":true,"href":"https:\/\/imrecobros.com\/pt\/wp-json\/wp\/v2\/users\/3"}],"replies":[{"embeddable":true,"href":"https:\/\/imrecobros.com\/pt\/wp-json\/wp\/v2\/comments?post=1386"}],"version-history":[{"count":6,"href":"https:\/\/imrecobros.com\/pt\/wp-json\/wp\/v2\/pages\/1386\/revisions"}],"predecessor-version":[{"id":5565,"href":"https:\/\/imrecobros.com\/pt\/wp-json\/wp\/v2\/pages\/1386\/revisions\/5565"}],"wp:attachment":[{"href":"https:\/\/imrecobros.com\/pt\/wp-json\/wp\/v2\/media?parent=1386"}],"curies":[{"name":"wp","href":"https:\/\/api.w.org\/{rel}","templated":true}]}}