{"id":2772,"date":"2021-05-26T08:49:57","date_gmt":"2021-05-26T08:49:57","guid":{"rendered":"https:\/\/imrecobros.com\/?page_id=2772"},"modified":"2022-06-05T18:07:01","modified_gmt":"2022-06-05T16:07:01","slug":"gracias-informes-comerciales","status":"publish","type":"page","link":"https:\/\/imrecobros.com\/pt\/gracias-informes-comerciales\/","title":{"rendered":"Gracias Informes Comerciales"},"content":{"rendered":"<div data-elementor-type=\"wp-page\" data-elementor-id=\"2772\" class=\"elementor elementor-2772\">\n\t\t\t\t\t\t<section class=\"elementor-section elementor-top-section elementor-element elementor-element-1baa4d97 elementor-section-content-middle elementor-section-boxed elementor-section-height-default elementor-section-height-default\" data-id=\"1baa4d97\" data-element_type=\"section\">\n\t\t\t\t\t\t<div class=\"elementor-container elementor-column-gap-default\">\n\t\t\t\t\t<div class=\"elementor-column elementor-col-50 elementor-top-column elementor-element elementor-element-9695590\" data-id=\"9695590\" data-element_type=\"column\">\n\t\t\t<div class=\"elementor-widget-wrap elementor-element-populated\">\n\t\t\t\t\t\t<div class=\"elementor-element elementor-element-29b7d9b elementor-widget elementor-widget-heading\" data-id=\"29b7d9b\" data-element_type=\"widget\" data-widget_type=\"heading.default\">\n\t\t\t\t<div class=\"elementor-widget-container\">\n\t\t\t<h1 class=\"elementor-heading-title elementor-size-default\"><b>Hemos recibido tu solicitud de Informes Comerciales. <br><br>\n<\/b>\u00a1En breve contactaremos contigo!<br>\n<\/h1>\t\t<\/div>\n\t\t\t\t<\/div>\n\t\t\t\t<div class=\"elementor-element elementor-element-0656737 elementor-widget elementor-widget-text-editor\" data-id=\"0656737\" data-element_type=\"widget\" data-widget_type=\"text-editor.default\">\n\t\t\t\t<div class=\"elementor-widget-container\">\n\t\t\t\t\t\t\t<p>Si te surge cualquier duda en relaci\u00f3n con los informes comerciales, por favor, contacta con nosotros:<br \/><b><\/b><\/p><p><b>mail: info@imrecobros.com<br \/><br \/>Telef: 935 95 46 44.<\/b><\/p>\t\t\t\t\t\t<\/div>\n\t\t\t\t<\/div>\n\t\t\t\t<div class=\"elementor-element elementor-element-fb8a8da elementor-align-left elementor-widget elementor-widget-button\" data-id=\"fb8a8da\" data-element_type=\"widget\" data-widget_type=\"button.default\">\n\t\t\t\t<div class=\"elementor-widget-container\">\n\t\t\t\t\t<div class=\"elementor-button-wrapper\">\n\t\t\t<a class=\"elementor-button elementor-button-link elementor-size-md\" href=\"http:\/\/imrecobros.com\/pt\/\">\n\t\t\t\t\t\t<span class=\"elementor-button-content-wrapper\">\n\t\t\t\t\t\t<span class=\"elementor-button-icon elementor-align-icon-right\">\n\t\t\t\t<i aria-hidden=\"true\" class=\"fas fa-long-arrow-alt-right\"><\/i>\t\t\t<\/span>\n\t\t\t\t\t\t<span class=\"elementor-button-text\">De volta para casa<\/span>\n\t\t<\/span>\n\t\t\t\t\t<\/a>\n\t\t<\/div>\n\t\t\t\t<\/div>\n\t\t\t\t<\/div>\n\t\t\t\t\t<\/div>\n\t\t<\/div>\n\t\t\t\t<div class=\"elementor-column elementor-col-50 elementor-top-column elementor-element elementor-element-7dd0d717\" data-id=\"7dd0d717\" data-element_type=\"column\">\n\t\t\t<div class=\"elementor-widget-wrap elementor-element-populated\">\n\t\t\t\t\t\t<div class=\"elementor-element elementor-element-6c8cee02 elementor-widget elementor-widget-image\" data-id=\"6c8cee02\" data-element_type=\"widget\" data-widget_type=\"image.default\">\n\t\t\t\t<div class=\"elementor-widget-container\">\n\t\t\t\t\t\t\t\t\t\t\t\t\t<img fetchpriority=\"high\" decoding=\"async\" width=\"514\" height=\"529\" src=\"https:\/\/imrecobros.com\/wp-content\/uploads\/2021\/05\/Captura-de-pantalla-2021-05-25-122646.png\" class=\"attachment-large size-large wp-image-2695\" alt=\"Informes comerciales\" srcset=\"https:\/\/imrecobros.com\/wp-content\/uploads\/2021\/05\/Captura-de-pantalla-2021-05-25-122646.png 514w, https:\/\/imrecobros.com\/wp-content\/uploads\/2021\/05\/Captura-de-pantalla-2021-05-25-122646-291x300.png 291w\" sizes=\"(max-width: 514px) 100vw, 514px\" \/>\t\t\t\t\t\t\t\t\t\t\t\t\t<\/div>\n\t\t\t\t<\/div>\n\t\t\t\t\t<\/div>\n\t\t<\/div>\n\t\t\t\t\t<\/div>\n\t\t<\/section>\n\t\t\t\t<\/div>","protected":false},"excerpt":{"rendered":"<p>Hemos recibido tu solicitud de Informes Comerciales. \u00a1En breve contactaremos contigo! Si te surge cualquier duda en relaci\u00f3n con los informes comerciales, por favor, contacta con nosotros: mail: info@imrecobros.com Telef: 935 95 46 44. Volver Inicio<\/p>","protected":false},"author":3,"featured_media":0,"parent":0,"menu_order":0,"comment_status":"closed","ping_status":"closed","template":"","meta":{"site-sidebar-layout":"no-sidebar","site-content-layout":"page-builder","ast-global-header-display":"","ast-main-header-display":"","ast-hfb-above-header-display":"","ast-hfb-below-header-display":"","ast-hfb-mobile-header-display":"","site-post-title":"disabled","ast-breadcrumbs-content":"","ast-featured-img":"disabled","footer-sml-layout":"","theme-transparent-header-meta":"default","adv-header-id-meta":"","stick-header-meta":"","header-above-stick-meta":"","header-main-stick-meta":"","header-below-stick-meta":"","footnotes":""},"yoast_head":"<!-- This site is optimized with the Yoast SEO plugin v23.3 - https:\/\/yoast.com\/wordpress\/plugins\/seo\/ -->\n<title>Gracias Informes Comerciales - IMrecobros<\/title>\n<meta name=\"robots\" content=\"index, follow, max-snippet:-1, max-image-preview:large, max-video-preview:-1\" \/>\n<link rel=\"canonical\" href=\"https:\/\/imrecobros.com\/pt\/gracias-informes-comerciales\/\" \/>\n<meta property=\"og:locale\" content=\"pt_PT\" \/>\n<meta property=\"og:type\" content=\"article\" \/>\n<meta property=\"og:title\" content=\"Gracias Informes Comerciales - IMrecobros\" \/>\n<meta property=\"og:description\" content=\"Hemos recibido tu solicitud de Informes Comerciales. \u00a1En breve contactaremos contigo! Si te surge cualquier duda en relaci\u00f3n con los informes comerciales, por favor, contacta con nosotros: mail: info@imrecobros.com Telef: 935 95 46 44. Volver Inicio\" \/>\n<meta property=\"og:url\" content=\"https:\/\/imrecobros.com\/pt\/gracias-informes-comerciales\/\" \/>\n<meta property=\"og:site_name\" content=\"IMrecobros\" \/>\n<meta property=\"article:publisher\" content=\"https:\/\/www.facebook.com\/IMrecobros\" \/>\n<meta property=\"article:modified_time\" content=\"2022-06-05T16:07:01+00:00\" \/>\n<meta property=\"og:image\" content=\"https:\/\/imrecobros.com\/wp-content\/uploads\/2021\/05\/Captura-de-pantalla-2021-05-25-122646.png\" \/>\n<meta name=\"twitter:card\" content=\"summary_large_image\" \/>\n<meta name=\"twitter:label1\" content=\"Tempo estimado de leitura\" \/>\n\t<meta name=\"twitter:data1\" content=\"1 minuto\" \/>\n<script type=\"application\/ld+json\" class=\"yoast-schema-graph\">{\"@context\":\"https:\/\/schema.org\",\"@graph\":[{\"@type\":\"WebPage\",\"@id\":\"https:\/\/imrecobros.com\/gracias-informes-comerciales\/\",\"url\":\"https:\/\/imrecobros.com\/gracias-informes-comerciales\/\",\"name\":\"Gracias Informes Comerciales - IMrecobros\",\"isPartOf\":{\"@id\":\"https:\/\/imrecobros.com\/#website\"},\"primaryImageOfPage\":{\"@id\":\"https:\/\/imrecobros.com\/gracias-informes-comerciales\/#primaryimage\"},\"image\":{\"@id\":\"https:\/\/imrecobros.com\/gracias-informes-comerciales\/#primaryimage\"},\"thumbnailUrl\":\"https:\/\/imrecobros.com\/wp-content\/uploads\/2021\/05\/Captura-de-pantalla-2021-05-25-122646.png\",\"datePublished\":\"2021-05-26T08:49:57+00:00\",\"dateModified\":\"2022-06-05T16:07:01+00:00\",\"breadcrumb\":{\"@id\":\"https:\/\/imrecobros.com\/gracias-informes-comerciales\/#breadcrumb\"},\"inLanguage\":\"pt-PT\",\"potentialAction\":[{\"@type\":\"ReadAction\",\"target\":[\"https:\/\/imrecobros.com\/gracias-informes-comerciales\/\"]}]},{\"@type\":\"ImageObject\",\"inLanguage\":\"pt-PT\",\"@id\":\"https:\/\/imrecobros.com\/gracias-informes-comerciales\/#primaryimage\",\"url\":\"https:\/\/imrecobros.com\/wp-content\/uploads\/2021\/05\/Captura-de-pantalla-2021-05-25-122646.png\",\"contentUrl\":\"https:\/\/imrecobros.com\/wp-content\/uploads\/2021\/05\/Captura-de-pantalla-2021-05-25-122646.png\"},{\"@type\":\"BreadcrumbList\",\"@id\":\"https:\/\/imrecobros.com\/gracias-informes-comerciales\/#breadcrumb\",\"itemListElement\":[{\"@type\":\"ListItem\",\"position\":1,\"name\":\"Portada\",\"item\":\"https:\/\/imrecobros.com\/\"},{\"@type\":\"ListItem\",\"position\":2,\"name\":\"Gracias Informes Comerciales\"}]},{\"@type\":\"WebSite\",\"@id\":\"https:\/\/imrecobros.com\/#website\",\"url\":\"https:\/\/imrecobros.com\/\",\"name\":\"IMrecobros\",\"description\":\"IMrecobros SL: empresa de recobro y consultor\u00eda de cr\u00e9dito\",\"publisher\":{\"@id\":\"https:\/\/imrecobros.com\/#organization\"},\"potentialAction\":[{\"@type\":\"SearchAction\",\"target\":{\"@type\":\"EntryPoint\",\"urlTemplate\":\"https:\/\/imrecobros.com\/?s={search_term_string}\"},\"query-input\":\"required name=search_term_string\"}],\"inLanguage\":\"pt-PT\"},{\"@type\":\"Organization\",\"@id\":\"https:\/\/imrecobros.com\/#organization\",\"name\":\"IMRECOBROS\",\"url\":\"https:\/\/imrecobros.com\/\",\"logo\":{\"@type\":\"ImageObject\",\"inLanguage\":\"pt-PT\",\"@id\":\"https:\/\/imrecobros.com\/#\/schema\/logo\/image\/\",\"url\":\"https:\/\/imrecobros.com\/wp-content\/uploads\/2021\/01\/LOGO_IMRECOBROS-DEFINITIU.png\",\"contentUrl\":\"https:\/\/imrecobros.com\/wp-content\/uploads\/2021\/01\/LOGO_IMRECOBROS-DEFINITIU.png\",\"width\":339,\"height\":194,\"caption\":\"IMRECOBROS\"},\"image\":{\"@id\":\"https:\/\/imrecobros.com\/#\/schema\/logo\/image\/\"},\"sameAs\":[\"https:\/\/www.facebook.com\/IMrecobros\",\"https:\/\/www.linkedin.com\/company\/imrecobros\"]}]}<\/script>\n<!-- \/ Yoast SEO plugin. -->","yoast_head_json":{"title":"Gracias Informes Comerciales - IMrecobros","robots":{"index":"index","follow":"follow","max-snippet":"max-snippet:-1","max-image-preview":"max-image-preview:large","max-video-preview":"max-video-preview:-1"},"canonical":"https:\/\/imrecobros.com\/pt\/gracias-informes-comerciales\/","og_locale":"pt_PT","og_type":"article","og_title":"Gracias Informes Comerciales - IMrecobros","og_description":"Hemos recibido tu solicitud de Informes Comerciales. \u00a1En breve contactaremos contigo! Si te surge cualquier duda en relaci\u00f3n con los informes comerciales, por favor, contacta con nosotros: mail: info@imrecobros.com Telef: 935 95 46 44. Volver Inicio","og_url":"https:\/\/imrecobros.com\/pt\/gracias-informes-comerciales\/","og_site_name":"IMrecobros","article_publisher":"https:\/\/www.facebook.com\/IMrecobros","article_modified_time":"2022-06-05T16:07:01+00:00","og_image":[{"url":"https:\/\/imrecobros.com\/wp-content\/uploads\/2021\/05\/Captura-de-pantalla-2021-05-25-122646.png"}],"twitter_card":"summary_large_image","twitter_misc":{"Tempo estimado de leitura":"1 minuto"},"schema":{"@context":"https:\/\/schema.org","@graph":[{"@type":"WebPage","@id":"https:\/\/imrecobros.com\/gracias-informes-comerciales\/","url":"https:\/\/imrecobros.com\/gracias-informes-comerciales\/","name":"Gracias Informes Comerciales - IMrecobros","isPartOf":{"@id":"https:\/\/imrecobros.com\/#website"},"primaryImageOfPage":{"@id":"https:\/\/imrecobros.com\/gracias-informes-comerciales\/#primaryimage"},"image":{"@id":"https:\/\/imrecobros.com\/gracias-informes-comerciales\/#primaryimage"},"thumbnailUrl":"https:\/\/imrecobros.com\/wp-content\/uploads\/2021\/05\/Captura-de-pantalla-2021-05-25-122646.png","datePublished":"2021-05-26T08:49:57+00:00","dateModified":"2022-06-05T16:07:01+00:00","breadcrumb":{"@id":"https:\/\/imrecobros.com\/gracias-informes-comerciales\/#breadcrumb"},"inLanguage":"pt-PT","potentialAction":[{"@type":"ReadAction","target":["https:\/\/imrecobros.com\/gracias-informes-comerciales\/"]}]},{"@type":"ImageObject","inLanguage":"pt-PT","@id":"https:\/\/imrecobros.com\/gracias-informes-comerciales\/#primaryimage","url":"https:\/\/imrecobros.com\/wp-content\/uploads\/2021\/05\/Captura-de-pantalla-2021-05-25-122646.png","contentUrl":"https:\/\/imrecobros.com\/wp-content\/uploads\/2021\/05\/Captura-de-pantalla-2021-05-25-122646.png"},{"@type":"BreadcrumbList","@id":"https:\/\/imrecobros.com\/gracias-informes-comerciales\/#breadcrumb","itemListElement":[{"@type":"ListItem","position":1,"name":"Portada","item":"https:\/\/imrecobros.com\/"},{"@type":"ListItem","position":2,"name":"Gracias Informes Comerciales"}]},{"@type":"WebSite","@id":"https:\/\/imrecobros.com\/#website","url":"https:\/\/imrecobros.com\/","name":"Recupera\u00e7\u00f5es IM","description":"IMrecobros SL: empresa de cobran\u00e7a e consultoria de cr\u00e9dito","publisher":{"@id":"https:\/\/imrecobros.com\/#organization"},"potentialAction":[{"@type":"SearchAction","target":{"@type":"EntryPoint","urlTemplate":"https:\/\/imrecobros.com\/?s={search_term_string}"},"query-input":"required name=search_term_string"}],"inLanguage":"pt-PT"},{"@type":"Organization","@id":"https:\/\/imrecobros.com\/#organization","name":"IMRECOBROS","url":"https:\/\/imrecobros.com\/","logo":{"@type":"ImageObject","inLanguage":"pt-PT","@id":"https:\/\/imrecobros.com\/#\/schema\/logo\/image\/","url":"https:\/\/imrecobros.com\/wp-content\/uploads\/2021\/01\/LOGO_IMRECOBROS-DEFINITIU.png","contentUrl":"https:\/\/imrecobros.com\/wp-content\/uploads\/2021\/01\/LOGO_IMRECOBROS-DEFINITIU.png","width":339,"height":194,"caption":"IMRECOBROS"},"image":{"@id":"https:\/\/imrecobros.com\/#\/schema\/logo\/image\/"},"sameAs":["https:\/\/www.facebook.com\/IMrecobros","https:\/\/www.linkedin.com\/company\/imrecobros"]}]}},"_links":{"self":[{"href":"https:\/\/imrecobros.com\/pt\/wp-json\/wp\/v2\/pages\/2772"}],"collection":[{"href":"https:\/\/imrecobros.com\/pt\/wp-json\/wp\/v2\/pages"}],"about":[{"href":"https:\/\/imrecobros.com\/pt\/wp-json\/wp\/v2\/types\/page"}],"author":[{"embeddable":true,"href":"https:\/\/imrecobros.com\/pt\/wp-json\/wp\/v2\/users\/3"}],"replies":[{"embeddable":true,"href":"https:\/\/imrecobros.com\/pt\/wp-json\/wp\/v2\/comments?post=2772"}],"version-history":[{"count":1,"href":"https:\/\/imrecobros.com\/pt\/wp-json\/wp\/v2\/pages\/2772\/revisions"}],"predecessor-version":[{"id":5563,"href":"https:\/\/imrecobros.com\/pt\/wp-json\/wp\/v2\/pages\/2772\/revisions\/5563"}],"wp:attachment":[{"href":"https:\/\/imrecobros.com\/pt\/wp-json\/wp\/v2\/media?parent=2772"}],"curies":[{"name":"wp","href":"https:\/\/api.w.org\/{rel}","templated":true}]}}