{"id":2932,"date":"2021-06-03T12:53:58","date_gmt":"2021-06-03T12:53:58","guid":{"rendered":"https:\/\/imrecobros.com\/?page_id=2932"},"modified":"2023-11-15T15:31:06","modified_gmt":"2023-11-15T14:31:06","slug":"vecinos-morosos","status":"publish","type":"page","link":"https:\/\/imrecobros.com\/pt\/vecinos-morosos\/","title":{"rendered":"Vecinos Morosos"},"content":{"rendered":"<div data-elementor-type=\"wp-page\" data-elementor-id=\"2932\" class=\"elementor elementor-2932\">\n\t\t\t\t\t\t<section class=\"elementor-section elementor-top-section elementor-element elementor-element-e6f6be7 elementor-section-boxed elementor-section-height-default elementor-section-height-default\" data-id=\"e6f6be7\" data-element_type=\"section\">\n\t\t\t\t\t\t<div class=\"elementor-container elementor-column-gap-default\">\n\t\t\t\t\t<div class=\"elementor-column elementor-col-50 elementor-top-column elementor-element elementor-element-17a2b21\" data-id=\"17a2b21\" data-element_type=\"column\">\n\t\t\t<div class=\"elementor-widget-wrap elementor-element-populated\">\n\t\t\t\t\t\t<div class=\"elementor-element elementor-element-3cd9239 elementor-widget elementor-widget-spacer\" data-id=\"3cd9239\" data-element_type=\"widget\" data-widget_type=\"spacer.default\">\n\t\t\t\t<div class=\"elementor-widget-container\">\n\t\t\t\t\t<div class=\"elementor-spacer\">\n\t\t\t<div class=\"elementor-spacer-inner\"><\/div>\n\t\t<\/div>\n\t\t\t\t<\/div>\n\t\t\t\t<\/div>\n\t\t\t\t<div class=\"elementor-element elementor-element-2bd4ec5 elementor-widget elementor-widget-image\" data-id=\"2bd4ec5\" data-element_type=\"widget\" data-widget_type=\"image.default\">\n\t\t\t\t<div class=\"elementor-widget-container\">\n\t\t\t\t\t\t\t\t\t\t\t\t\t<img fetchpriority=\"high\" decoding=\"async\" width=\"872\" height=\"748\" src=\"https:\/\/imrecobros.com\/wp-content\/uploads\/2021\/06\/comunidades-vecinos.jpg\" class=\"attachment-large size-large wp-image-2944\" alt=\"comunidades vecinos\" srcset=\"https:\/\/imrecobros.com\/wp-content\/uploads\/2021\/06\/comunidades-vecinos.jpg 872w, https:\/\/imrecobros.com\/wp-content\/uploads\/2021\/06\/comunidades-vecinos-300x257.jpg 300w, https:\/\/imrecobros.com\/wp-content\/uploads\/2021\/06\/comunidades-vecinos-768x659.jpg 768w\" sizes=\"(max-width: 872px) 100vw, 872px\" \/>\t\t\t\t\t\t\t\t\t\t\t\t\t<\/div>\n\t\t\t\t<\/div>\n\t\t\t\t\t<\/div>\n\t\t<\/div>\n\t\t\t\t<div class=\"elementor-column elementor-col-50 elementor-top-column elementor-element elementor-element-b63af1b\" data-id=\"b63af1b\" data-element_type=\"column\">\n\t\t\t<div class=\"elementor-widget-wrap elementor-element-populated\">\n\t\t\t\t\t\t<div class=\"elementor-element elementor-element-cebc9ca elementor-widget elementor-widget-heading\" data-id=\"cebc9ca\" data-element_type=\"widget\" data-widget_type=\"heading.default\">\n\t\t\t\t<div class=\"elementor-widget-container\">\n\t\t\t<h1 class=\"elementor-heading-title elementor-size-default\"><b>Solicitar informa\u00e7\u00f5es <\/b> <\/h1>\t\t<\/div>\n\t\t\t\t<\/div>\n\t\t\t\t<div class=\"elementor-element elementor-element-ee686e5 elementor-widget elementor-widget-text-editor\" data-id=\"ee686e5\" data-element_type=\"widget\" data-widget_type=\"text-editor.default\">\n\t\t\t\t<div class=\"elementor-widget-container\">\n\t\t\t\t\t\t\t<p><span style=\"color: #000000;\">Cobrar taxas de seus vizinhos inadimplentes:<\/span><\/p>\t\t\t\t\t\t<\/div>\n\t\t\t\t<\/div>\n\t\t\t\t<div class=\"elementor-element elementor-element-3eb9c28 elementor-widget elementor-widget-text-editor\" data-id=\"3eb9c28\" data-element_type=\"widget\" data-widget_type=\"text-editor.default\">\n\t\t\t\t<div class=\"elementor-widget-container\">\n\t\t\t\t\t\t\t<p>\n<div class=\"wpcf7 no-js\" id=\"wpcf7-f2931-o1\" lang=\"es-ES\" dir=\"ltr\">\n<div class=\"screen-reader-response\"><p role=\"status\" aria-live=\"polite\" aria-atomic=\"true\"><\/p> <ul><\/ul><\/div>\n<form action=\"\/pt\/wp-json\/wp\/v2\/pages\/2932#wpcf7-f2931-o1\" method=\"post\" class=\"wpcf7-form init\" aria-label=\"Formulario de contacto\" novalidate=\"novalidate\" data-status=\"init\" data-trp-original-action=\"\/pt\/wp-json\/wp\/v2\/pages\/2932#wpcf7-f2931-o1\">\n<div style=\"display: none;\">\n<input type=\"hidden\" name=\"_wpcf7\" value=\"2931\" \/>\n<input type=\"hidden\" name=\"_wpcf7_version\" value=\"5.9.8\" \/>\n<input type=\"hidden\" name=\"_wpcf7_locale\" value=\"es_ES\" \/>\n<input type=\"hidden\" name=\"_wpcf7_unit_tag\" value=\"wpcf7-f2931-o1\" \/>\n<input type=\"hidden\" name=\"_wpcf7_container_post\" value=\"0\" \/>\n<input type=\"hidden\" name=\"_wpcf7_posted_data_hash\" value=\"\" \/>\n<input type=\"hidden\" name=\"_wpcf7_recaptcha_response\" value=\"\" \/>\n<\/div>\n<p><label> Nome<br \/>\n<span class=\"wpcf7-form-control-wrap\" data-name=\"Nombre\"><input size=\"40\" maxlength=\"400\" class=\"wpcf7-form-control wpcf7-text wpcf7-validates-as-required\" aria-required=\"true\" aria-invalid=\"false\" value=\"\" type=\"text\" name=\"Nombre\" \/><\/span><\/label>\n<\/p>\n<p><label> Telefone<br \/>\n<span class=\"wpcf7-form-control-wrap\" data-name=\"tel-254\"><input size=\"40\" maxlength=\"400\" class=\"wpcf7-form-control wpcf7-tel wpcf7-text wpcf7-validates-as-tel\" aria-invalid=\"false\" value=\"\" type=\"tel\" name=\"tel-254\" \/><\/span><\/label>\n<\/p>\n<p><label> Seu e-mail<br \/>\n<span class=\"wpcf7-form-control-wrap\" data-name=\"your-email\"><input size=\"40\" maxlength=\"400\" class=\"wpcf7-form-control wpcf7-email wpcf7-validates-as-required wpcf7-text wpcf7-validates-as-email\" aria-required=\"true\" aria-invalid=\"false\" value=\"\" type=\"email\" name=\"your-email\" \/><\/span> <\/label>\n<\/p>\n<p><span class=\"wpcf7-form-control-wrap\" data-name=\"acceptance-201\"><span class=\"wpcf7-form-control wpcf7-acceptance\"><span class=\"wpcf7-list-item\"><label><input type=\"checkbox\" name=\"acceptance-201\" value=\"1\" aria-invalid=\"false\" \/><span class=\"wpcf7-list-item-label\">eu aceito o <a hred=\"http:\/\/imrecobros.com\/politicas-de-privacidad\/\">pol\u00edtica de Privacidade<\/a><\/span><\/label><\/span><\/span><\/span>\n<\/p>\n<span class=\"wpcf7-form-control-wrap recaptcha\" data-name=\"recaptcha\"><span data-sitekey=\"6LdkLtcaAAAAAGOEQ5_MNLRHhlhUXdWa1ECDi2RU\" class=\"wpcf7-form-control wpcf7-recaptcha g-recaptcha\"><\/span>\r\n<noscript>\r\n\t<div class=\"grecaptcha-noscript\">\r\n\t\t<iframe src=\"https:\/\/www.google.com\/recaptcha\/api\/fallback?k=6LdkLtcaAAAAAGOEQ5_MNLRHhlhUXdWa1ECDi2RU\" frameborder=\"0\" scrolling=\"no\" width=\"310\" height=\"430\">\r\n\t\t<\/iframe>\r\n\t\t<textarea name=\"g-recaptcha-response\" rows=\"3\" cols=\"40\" placeholder=\"Aqu\u00ed la respuesta de reCAPTCHA\">\r\n\t\t<\/textarea>\r\n\t<\/div>\r\n<\/noscript>\r\n<\/span>\n<div style=\"\u00bbclear:\" both;\u00bb>\n\t<p>&nbsp;\n\t<\/p>\n<\/div>\n<p><input class=\"wpcf7-form-control wpcf7-submit has-spinner\" type=\"submit\" value=\"Enviar\" \/>\n<\/p><p style=\"display: none !important;\" class=\"akismet-fields-container\" data-prefix=\"_wpcf7_ak_\"><label>&#916;<textarea name=\"_wpcf7_ak_hp_textarea\" cols=\"45\" rows=\"8\" maxlength=\"100\"><\/textarea><\/label><input type=\"hidden\" id=\"ak_js_1\" name=\"_wpcf7_ak_js\" value=\"248\"\/><script>document.getElementById( \"ak_js_1\" ).setAttribute( \"value\", ( new Date() ).getTime() );<\/script><\/p><div class=\"wpcf7-response-output\" aria-hidden=\"true\"><\/div>\n<input type=\"hidden\" name=\"trp-form-language\" value=\"pt\"\/><\/form>\n<\/div>\n<\/p>\t\t\t\t\t\t<\/div>\n\t\t\t\t<\/div>\n\t\t\t\t<div class=\"elementor-element elementor-element-0dbc8bf elementor-widget-divider--view-line elementor-widget elementor-widget-divider\" data-id=\"0dbc8bf\" data-element_type=\"widget\" data-widget_type=\"divider.default\">\n\t\t\t\t<div class=\"elementor-widget-container\">\n\t\t\t\t\t<div class=\"elementor-divider\">\n\t\t\t<span class=\"elementor-divider-separator\">\n\t\t\t\t\t\t<\/span>\n\t\t<\/div>\n\t\t\t\t<\/div>\n\t\t\t\t<\/div>\n\t\t\t\t\t<\/div>\n\t\t<\/div>\n\t\t\t\t\t<\/div>\n\t\t<\/section>\n\t\t\t\t<\/div>","protected":false},"excerpt":{"rendered":"<p>Solicita informaci\u00f3n Cobra las cuotas a tus vecinos Morosos:<\/p>","protected":false},"author":3,"featured_media":0,"parent":0,"menu_order":0,"comment_status":"closed","ping_status":"closed","template":"","meta":{"site-sidebar-layout":"no-sidebar","site-content-layout":"page-builder","ast-global-header-display":"","ast-main-header-display":"","ast-hfb-above-header-display":"","ast-hfb-below-header-display":"","ast-hfb-mobile-header-display":"","site-post-title":"disabled","ast-breadcrumbs-content":"","ast-featured-img":"disabled","footer-sml-layout":"","theme-transparent-header-meta":"default","adv-header-id-meta":"","stick-header-meta":"","header-above-stick-meta":"","header-main-stick-meta":"","header-below-stick-meta":"","footnotes":""},"yoast_head":"<!-- This site is optimized with the Yoast SEO plugin v23.3 - https:\/\/yoast.com\/wordpress\/plugins\/seo\/ -->\n<title>Vecinos Morosos - IMrecobros<\/title>\n<meta name=\"description\" content=\"Cobra ya las cuotas a tus vecinos morosos. Entra en nuestra web y solicita informaci\u00f3n de inmediato. \u00a1Nosotros te ayudamos!\" \/>\n<meta name=\"robots\" content=\"index, follow, max-snippet:-1, max-image-preview:large, max-video-preview:-1\" \/>\n<link rel=\"canonical\" href=\"https:\/\/imrecobros.com\/pt\/vecinos-morosos\/\" \/>\n<meta property=\"og:locale\" content=\"pt_PT\" \/>\n<meta property=\"og:type\" content=\"article\" \/>\n<meta property=\"og:title\" content=\"Vecinos Morosos - IMrecobros\" \/>\n<meta property=\"og:description\" content=\"Cobra ya las cuotas a tus vecinos morosos. Entra en nuestra web y solicita informaci\u00f3n de inmediato. \u00a1Nosotros te ayudamos!\" \/>\n<meta property=\"og:url\" content=\"https:\/\/imrecobros.com\/pt\/vecinos-morosos\/\" \/>\n<meta property=\"og:site_name\" content=\"IMrecobros\" \/>\n<meta property=\"article:publisher\" content=\"https:\/\/www.facebook.com\/IMrecobros\" \/>\n<meta property=\"article:modified_time\" content=\"2023-11-15T14:31:06+00:00\" \/>\n<meta property=\"og:image\" content=\"https:\/\/imrecobros.com\/wp-content\/uploads\/2021\/06\/comunidades-vecinos.jpg\" \/>\n<meta name=\"twitter:card\" content=\"summary_large_image\" \/>\n<meta name=\"twitter:label1\" content=\"Tempo estimado de leitura\" \/>\n\t<meta name=\"twitter:data1\" content=\"1 minuto\" \/>\n<script type=\"application\/ld+json\" class=\"yoast-schema-graph\">{\"@context\":\"https:\/\/schema.org\",\"@graph\":[{\"@type\":\"WebPage\",\"@id\":\"https:\/\/imrecobros.com\/vecinos-morosos\/\",\"url\":\"https:\/\/imrecobros.com\/vecinos-morosos\/\",\"name\":\"Vecinos Morosos - IMrecobros\",\"isPartOf\":{\"@id\":\"https:\/\/imrecobros.com\/#website\"},\"primaryImageOfPage\":{\"@id\":\"https:\/\/imrecobros.com\/vecinos-morosos\/#primaryimage\"},\"image\":{\"@id\":\"https:\/\/imrecobros.com\/vecinos-morosos\/#primaryimage\"},\"thumbnailUrl\":\"https:\/\/imrecobros.com\/wp-content\/uploads\/2021\/06\/comunidades-vecinos.jpg\",\"datePublished\":\"2021-06-03T12:53:58+00:00\",\"dateModified\":\"2023-11-15T14:31:06+00:00\",\"description\":\"Cobra ya las cuotas a tus vecinos morosos. Entra en nuestra web y solicita informaci\u00f3n de inmediato. \u00a1Nosotros te ayudamos!\",\"breadcrumb\":{\"@id\":\"https:\/\/imrecobros.com\/vecinos-morosos\/#breadcrumb\"},\"inLanguage\":\"pt-PT\",\"potentialAction\":[{\"@type\":\"ReadAction\",\"target\":[\"https:\/\/imrecobros.com\/vecinos-morosos\/\"]}]},{\"@type\":\"ImageObject\",\"inLanguage\":\"pt-PT\",\"@id\":\"https:\/\/imrecobros.com\/vecinos-morosos\/#primaryimage\",\"url\":\"https:\/\/imrecobros.com\/wp-content\/uploads\/2021\/06\/comunidades-vecinos.jpg\",\"contentUrl\":\"https:\/\/imrecobros.com\/wp-content\/uploads\/2021\/06\/comunidades-vecinos.jpg\"},{\"@type\":\"BreadcrumbList\",\"@id\":\"https:\/\/imrecobros.com\/vecinos-morosos\/#breadcrumb\",\"itemListElement\":[{\"@type\":\"ListItem\",\"position\":1,\"name\":\"Portada\",\"item\":\"https:\/\/imrecobros.com\/\"},{\"@type\":\"ListItem\",\"position\":2,\"name\":\"Vecinos Morosos\"}]},{\"@type\":\"WebSite\",\"@id\":\"https:\/\/imrecobros.com\/#website\",\"url\":\"https:\/\/imrecobros.com\/\",\"name\":\"IMrecobros\",\"description\":\"IMrecobros SL: empresa de recobro y consultor\u00eda de cr\u00e9dito\",\"publisher\":{\"@id\":\"https:\/\/imrecobros.com\/#organization\"},\"potentialAction\":[{\"@type\":\"SearchAction\",\"target\":{\"@type\":\"EntryPoint\",\"urlTemplate\":\"https:\/\/imrecobros.com\/?s={search_term_string}\"},\"query-input\":\"required name=search_term_string\"}],\"inLanguage\":\"pt-PT\"},{\"@type\":\"Organization\",\"@id\":\"https:\/\/imrecobros.com\/#organization\",\"name\":\"IMRECOBROS\",\"url\":\"https:\/\/imrecobros.com\/\",\"logo\":{\"@type\":\"ImageObject\",\"inLanguage\":\"pt-PT\",\"@id\":\"https:\/\/imrecobros.com\/#\/schema\/logo\/image\/\",\"url\":\"https:\/\/imrecobros.com\/wp-content\/uploads\/2021\/01\/LOGO_IMRECOBROS-DEFINITIU.png\",\"contentUrl\":\"https:\/\/imrecobros.com\/wp-content\/uploads\/2021\/01\/LOGO_IMRECOBROS-DEFINITIU.png\",\"width\":339,\"height\":194,\"caption\":\"IMRECOBROS\"},\"image\":{\"@id\":\"https:\/\/imrecobros.com\/#\/schema\/logo\/image\/\"},\"sameAs\":[\"https:\/\/www.facebook.com\/IMrecobros\",\"https:\/\/www.linkedin.com\/company\/imrecobros\"]}]}<\/script>\n<!-- \/ Yoast SEO plugin. -->","yoast_head_json":{"title":"Vecinos Morosos - IMrecobros","description":"Cobra ya las cuotas a tus vecinos morosos. Entra en nuestra web y solicita informaci\u00f3n de inmediato. \u00a1Nosotros te ayudamos!","robots":{"index":"index","follow":"follow","max-snippet":"max-snippet:-1","max-image-preview":"max-image-preview:large","max-video-preview":"max-video-preview:-1"},"canonical":"https:\/\/imrecobros.com\/pt\/vecinos-morosos\/","og_locale":"pt_PT","og_type":"article","og_title":"Vecinos Morosos - IMrecobros","og_description":"Cobra ya las cuotas a tus vecinos morosos. Entra en nuestra web y solicita informaci\u00f3n de inmediato. \u00a1Nosotros te ayudamos!","og_url":"https:\/\/imrecobros.com\/pt\/vecinos-morosos\/","og_site_name":"IMrecobros","article_publisher":"https:\/\/www.facebook.com\/IMrecobros","article_modified_time":"2023-11-15T14:31:06+00:00","og_image":[{"url":"https:\/\/imrecobros.com\/wp-content\/uploads\/2021\/06\/comunidades-vecinos.jpg"}],"twitter_card":"summary_large_image","twitter_misc":{"Tempo estimado de leitura":"1 minuto"},"schema":{"@context":"https:\/\/schema.org","@graph":[{"@type":"WebPage","@id":"https:\/\/imrecobros.com\/vecinos-morosos\/","url":"https:\/\/imrecobros.com\/vecinos-morosos\/","name":"Vecinos Morosos - IMrecobros","isPartOf":{"@id":"https:\/\/imrecobros.com\/#website"},"primaryImageOfPage":{"@id":"https:\/\/imrecobros.com\/vecinos-morosos\/#primaryimage"},"image":{"@id":"https:\/\/imrecobros.com\/vecinos-morosos\/#primaryimage"},"thumbnailUrl":"https:\/\/imrecobros.com\/wp-content\/uploads\/2021\/06\/comunidades-vecinos.jpg","datePublished":"2021-06-03T12:53:58+00:00","dateModified":"2023-11-15T14:31:06+00:00","description":"Cobra ya las cuotas a tus vecinos morosos. Entra en nuestra web y solicita informaci\u00f3n de inmediato. \u00a1Nosotros te ayudamos!","breadcrumb":{"@id":"https:\/\/imrecobros.com\/vecinos-morosos\/#breadcrumb"},"inLanguage":"pt-PT","potentialAction":[{"@type":"ReadAction","target":["https:\/\/imrecobros.com\/vecinos-morosos\/"]}]},{"@type":"ImageObject","inLanguage":"pt-PT","@id":"https:\/\/imrecobros.com\/vecinos-morosos\/#primaryimage","url":"https:\/\/imrecobros.com\/wp-content\/uploads\/2021\/06\/comunidades-vecinos.jpg","contentUrl":"https:\/\/imrecobros.com\/wp-content\/uploads\/2021\/06\/comunidades-vecinos.jpg"},{"@type":"BreadcrumbList","@id":"https:\/\/imrecobros.com\/vecinos-morosos\/#breadcrumb","itemListElement":[{"@type":"ListItem","position":1,"name":"Portada","item":"https:\/\/imrecobros.com\/"},{"@type":"ListItem","position":2,"name":"Vecinos Morosos"}]},{"@type":"WebSite","@id":"https:\/\/imrecobros.com\/#website","url":"https:\/\/imrecobros.com\/","name":"Recupera\u00e7\u00f5es IM","description":"IMrecobros SL: empresa de cobran\u00e7a e consultoria de cr\u00e9dito","publisher":{"@id":"https:\/\/imrecobros.com\/#organization"},"potentialAction":[{"@type":"SearchAction","target":{"@type":"EntryPoint","urlTemplate":"https:\/\/imrecobros.com\/?s={search_term_string}"},"query-input":"required name=search_term_string"}],"inLanguage":"pt-PT"},{"@type":"Organization","@id":"https:\/\/imrecobros.com\/#organization","name":"IMRECOBROS","url":"https:\/\/imrecobros.com\/","logo":{"@type":"ImageObject","inLanguage":"pt-PT","@id":"https:\/\/imrecobros.com\/#\/schema\/logo\/image\/","url":"https:\/\/imrecobros.com\/wp-content\/uploads\/2021\/01\/LOGO_IMRECOBROS-DEFINITIU.png","contentUrl":"https:\/\/imrecobros.com\/wp-content\/uploads\/2021\/01\/LOGO_IMRECOBROS-DEFINITIU.png","width":339,"height":194,"caption":"IMRECOBROS"},"image":{"@id":"https:\/\/imrecobros.com\/#\/schema\/logo\/image\/"},"sameAs":["https:\/\/www.facebook.com\/IMrecobros","https:\/\/www.linkedin.com\/company\/imrecobros"]}]}},"_links":{"self":[{"href":"https:\/\/imrecobros.com\/pt\/wp-json\/wp\/v2\/pages\/2932"}],"collection":[{"href":"https:\/\/imrecobros.com\/pt\/wp-json\/wp\/v2\/pages"}],"about":[{"href":"https:\/\/imrecobros.com\/pt\/wp-json\/wp\/v2\/types\/page"}],"author":[{"embeddable":true,"href":"https:\/\/imrecobros.com\/pt\/wp-json\/wp\/v2\/users\/3"}],"replies":[{"embeddable":true,"href":"https:\/\/imrecobros.com\/pt\/wp-json\/wp\/v2\/comments?post=2932"}],"version-history":[{"count":11,"href":"https:\/\/imrecobros.com\/pt\/wp-json\/wp\/v2\/pages\/2932\/revisions"}],"predecessor-version":[{"id":4501,"href":"https:\/\/imrecobros.com\/pt\/wp-json\/wp\/v2\/pages\/2932\/revisions\/4501"}],"wp:attachment":[{"href":"https:\/\/imrecobros.com\/pt\/wp-json\/wp\/v2\/media?parent=2932"}],"curies":[{"name":"wp","href":"https:\/\/api.w.org\/{rel}","templated":true}]}}