{"id":79,"date":"2021-01-11T10:26:29","date_gmt":"2021-01-11T10:26:29","guid":{"rendered":"http:\/\/imrecobros.com\/?page_id=79"},"modified":"2022-09-01T11:50:48","modified_gmt":"2022-09-01T09:50:48","slug":"politicas-de-privacidad","status":"publish","type":"page","link":"https:\/\/imrecobros.com\/pt\/politicas-de-privacidad\/","title":{"rendered":"POL\u00cdTICA DE PRIVACIDADE"},"content":{"rendered":"<div data-elementor-type=\"wp-page\" data-elementor-id=\"79\" class=\"elementor elementor-79\">\n\t\t\t\t\t\t<section class=\"elementor-section elementor-top-section elementor-element elementor-element-12c2a22 elementor-section-boxed elementor-section-height-default elementor-section-height-default\" data-id=\"12c2a22\" data-element_type=\"section\" data-settings=\"{&quot;background_background&quot;:&quot;classic&quot;}\">\n\t\t\t\t\t\t\t<div class=\"elementor-background-overlay\"><\/div>\n\t\t\t\t\t\t\t<div class=\"elementor-container elementor-column-gap-default\">\n\t\t\t\t\t<div class=\"elementor-column elementor-col-100 elementor-top-column elementor-element elementor-element-2bf2cc6\" data-id=\"2bf2cc6\" data-element_type=\"column\">\n\t\t\t<div class=\"elementor-widget-wrap elementor-element-populated\">\n\t\t\t\t\t\t<div class=\"elementor-element elementor-element-0809546 elementor-widget elementor-widget-heading\" data-id=\"0809546\" data-element_type=\"widget\" data-widget_type=\"heading.default\">\n\t\t\t\t<div class=\"elementor-widget-container\">\n\t\t\t<h1 class=\"elementor-heading-title elementor-size-large\">POL\u00cdTICA DE PRIVACIDADE \n<\/h1>\t\t<\/div>\n\t\t\t\t<\/div>\n\t\t\t\t\t<\/div>\n\t\t<\/div>\n\t\t\t\t\t<\/div>\n\t\t<\/section>\n\t\t\t\t<section class=\"elementor-section elementor-top-section elementor-element elementor-element-0c5a547 elementor-section-boxed elementor-section-height-default elementor-section-height-default\" data-id=\"0c5a547\" data-element_type=\"section\">\n\t\t\t\t\t\t<div class=\"elementor-container elementor-column-gap-default\">\n\t\t\t\t\t<div class=\"elementor-column elementor-col-100 elementor-top-column elementor-element elementor-element-fab362e\" data-id=\"fab362e\" data-element_type=\"column\">\n\t\t\t<div class=\"elementor-widget-wrap elementor-element-populated\">\n\t\t\t\t\t\t<div class=\"elementor-element elementor-element-6703432 elementor-widget elementor-widget-text-editor\" data-id=\"6703432\" data-element_type=\"widget\" data-widget_type=\"text-editor.default\">\n\t\t\t\t<div class=\"elementor-widget-container\">\n\t\t\t\t\t\t\t<p style=\"text-align: justify;\"><b><span style=\"font-family: 'Arial',sans-serif;\">POL\u00cdTICA DE PRIVACIDADE<\/span><\/b><\/p><p style=\"text-align: justify;\"><span style=\"font-family: 'Arial',sans-serif;\">IMrecobros, SL informa os usu\u00e1rios do seu site <\/span><a href=\"https:\/\/imrecobros.com\/pt\/\"><span style=\"font-family: 'Arial',sans-serif;\">www.imrecobros.com<\/span><\/a><span style=\"font-family: 'Arial',sans-serif;\"> atrav\u00e9s desta Pol\u00edtica de Privacidade sobre o tratamento e prote\u00e7\u00e3o dos dados pessoais dos usu\u00e1rios que possam ser obtidos atrav\u00e9s da sua navega\u00e7\u00e3o ou contrata\u00e7\u00e3o de servi\u00e7os que realizam neste portal. A utiliza\u00e7\u00e3o deste site pelo usu\u00e1rio implica a aceita\u00e7\u00e3o desta Pol\u00edtica de Privacidade.<\/span><\/p><p style=\"text-align: justify;\"><span style=\"font-family: 'Arial',sans-serif;\">IMrecobros, SL adota as medidas necess\u00e1rias para garantir a seguran\u00e7a, integridade e confidencialidade dos dados de acordo com o disposto no Regulamento (UE) 2016\/679 do Parlamento Europeu e do Conselho, de 27 de abril de 2016, relativo \u00e0 prote\u00e7\u00e3o de pessoas singulares no que diz respeito ao tratamento de dados pessoais e \u00e0 sua livre circula\u00e7\u00e3o, e em mat\u00e9rias n\u00e3o previstas na Lei Org\u00e2nica 3\/2018, de 5 de dezembro, sobre a Prote\u00e7\u00e3o de Dados Pessoais e garantia de direitos digitais, Real Decreto 1720\/ 2007, de 21 de Dezembro, que aprova o Regulamento para o desenvolvimento da Lei Org\u00e2nica de Protec\u00e7\u00e3o de Dados, e a Lei 34\/2002, de 11 de Julho, sobre Servi\u00e7os da Sociedade de Informa\u00e7\u00e3o e Com\u00e9rcio Electr\u00f3nico.<\/span><\/p><p style=\"text-align: justify;\"><span style=\"font-family: 'Arial',sans-serif;\">Atrav\u00e9s dos formul\u00e1rios de registo neste website ou atrav\u00e9s do envio de um email, s\u00e3o recolhidos e tratados dados pessoais de cada utilizador necess\u00e1rios \u00e0 gest\u00e3o e manuten\u00e7\u00e3o de alguns dos servi\u00e7os prestados ou para responder a pedidos de informa\u00e7\u00e3o. <\/span><\/p><p style=\"text-align: justify;\"><b><span style=\"font-family: 'Arial',sans-serif;\">RESPONS\u00c1VEL PELO TRATAMENTO DE DADOS PESSOAIS<\/span><\/b><\/p><p style=\"text-align: justify;\"><span style=\"font-family: 'Arial',sans-serif;\">O respons\u00e1vel pelo tratamento dos dados pessoais que o usu\u00e1rio fornece ao acessar e utilizar o site \u00e9, como titular, IMrecobros, SL, com CIF B02886497, inscrita no Registro Mercantil de Barcelona, Registro Mercantil de Barcelona, Tomo 47557., F\u00f3lio 137, Folha B-555522, Matr\u00edcula 1\u00aa, com sede em C\/ Comtes de Bell-lloc, 135, 08014 Barcelona, telefone 93 595 46 44 e email <\/span><a href=\"mailto:info@imrecobros.com\"><span style=\"font-family: 'Arial',sans-serif;\">info@imrecobros.com<\/span><\/a><span style=\"font-family: 'Arial',sans-serif;\"> .<\/span><\/p><p style=\"text-align: justify;\"><b><span style=\"font-family: 'Arial',sans-serif;\">DURA\u00c7\u00c3O DO ARMAZENAMENTO DE DADOS<\/span><\/b><\/p><p style=\"text-align: justify;\"><span style=\"font-family: 'Arial',sans-serif;\">IMrecobros, SL, como respons\u00e1vel pelo tratamento dos dados, compromete-se a armazenar e gerir os dados e informa\u00e7\u00f5es pessoais recolhidos atrav\u00e9s deste site com a devida confidencialidade, desde que se mantenha a rela\u00e7\u00e3o profissional surgida e o interessado n\u00e3o solicite a sua elimina\u00e7\u00e3o e, se for caso disso, , por um per\u00edodo n\u00e3o superior a 5 anos, a contar do fim da rela\u00e7\u00e3o comercial estabelecida entre o utilizador e a IMrecobros, SL. No entanto, o respons\u00e1vel pelo tratamento poder\u00e1 manter os dados, devidamente bloqueados, para fazer face a poss\u00edveis responsabilidades administrativas ou jurisdicionais.<\/span><\/p><p style=\"text-align: justify;\"><b><span style=\"font-family: 'Arial',sans-serif;\">FINALIDADES DO TRATAMENTO DE DADOS<\/span><\/b><\/p><p style=\"text-align: justify;\"><span style=\"font-family: 'Arial',sans-serif;\">IMrecobros, SL processa os dados pessoais que o usu\u00e1rio fornece atrav\u00e9s <\/span><a href=\"https:\/\/imrecobros.com\/pt\/\"><span style=\"font-family: 'Arial',sans-serif;\">www.imrecobros.com<\/span><\/a><span style=\"font-family: 'Arial',sans-serif;\"> com a finalidade de inclu\u00ed-los na agenda de contactos, gerindo a rela\u00e7\u00e3o comercial solicitada e utilizando assim esta informa\u00e7\u00e3o como meio de contacto entre o utilizador e a IMrecobros, SL. Al\u00e9m disso, o tratamento destes dados recolhidos envolve tamb\u00e9m gerir o envio das informa\u00e7\u00f5es que nos s\u00e3o solicitadas e poder responder \u00e0s d\u00favidas ou quest\u00f5es que o utilizador envia atrav\u00e9s do site, por sua vez proporcionando aos interessados as ofertas de servi\u00e7os que s\u00e3o de seu interesse e envio de informa\u00e7\u00f5es comerciais.<\/span><\/p><p style=\"text-align: justify;\"><span style=\"font-family: 'Arial',sans-serif;\">Os campos dos registos dever\u00e3o ser preenchidos para que IMrecobros, SL possa cumprir as finalidades acima mencionadas.<\/span><\/p><p style=\"text-align: justify;\"><span style=\"font-family: 'Arial',sans-serif;\">O utilizador poder\u00e1 opor-se ao envio de comunica\u00e7\u00f5es comerciais a qualquer momento, enviando uma mensagem de correio eletr\u00f3nico para <\/span><a href=\"mailto:info@imrecobros.com\"><span style=\"font-family: 'Arial',sans-serif;\">info@imrecobros.com<\/span><\/a><span style=\"font-family: 'Arial',sans-serif;\"> .<\/span><\/p><p style=\"text-align: justify;\"><b><span style=\"font-family: 'Arial',sans-serif;\">LEGITIMA\u00c7\u00c3O PARA TRATAMENTO DE DADOS<\/span><\/b><\/p><p style=\"text-align: justify;\"><span style=\"font-family: 'Arial',sans-serif;\">O tratamento dos dados pessoais fornecidos pelo utilizador \u00e9 realizado com base nas seguintes bases jur\u00eddicas que o legitimam:<\/span><\/p><p style=\"text-align: justify;\"><span style=\"font-family: 'Arial',sans-serif;\">Consentimento livre, espec\u00edfico, informado e inequ\u00edvoco, pois ap\u00f3s a leitura desta Pol\u00edtica de Privacidade o utilizador fica informado e, caso concorde, pode aceit\u00e1-la atrav\u00e9s de uma declara\u00e7\u00e3o ou de uma a\u00e7\u00e3o afirmativa clara, como por exemplo assinalar a caixa que est\u00e1 dispon\u00edvel para o efeito. .<\/span><\/p><p style=\"text-align: justify;\"><span style=\"font-family: 'Arial',sans-serif;\">A contrata\u00e7\u00e3o de servi\u00e7os da IMrecobros, SL e a execu\u00e7\u00e3o do trabalho profissional solicitado, cujos termos e condi\u00e7\u00f5es ser\u00e3o colocados \u00e0 disposi\u00e7\u00e3o do utilizador antes de qualquer eventual contrata\u00e7\u00e3o. Para a concretiza\u00e7\u00e3o da rela\u00e7\u00e3o profissional solicitada, o interessado obriga-se a fornecer os seus dados.<\/span><\/p><p style=\"text-align: justify;\"><span style=\"font-family: 'Arial',sans-serif;\">Caso o interessado n\u00e3o forne\u00e7a os dados acima mencionados, ou se estes contiverem erros ou forem imprecisos, IMrecobros, SL n\u00e3o poder\u00e1 responder ao seu pedido, impossibilitando o fornecimento das informa\u00e7\u00f5es solicitadas ou a contrata\u00e7\u00e3o de os servi\u00e7os. Portanto, o respons\u00e1vel pelo tratamento, IMrecobros, SL, ficar\u00e1 exonerado de qualquer responsabilidade que possa surgir do n\u00e3o cumprimento da miss\u00e3o profissional ou das consequ\u00eancias que decorram desta informa\u00e7\u00e3o inexata ou err\u00f3nea.<\/span><\/p><p style=\"text-align: justify;\"><b><span style=\"font-family: 'Arial',sans-serif;\">COMUNICA\u00c7\u00c3O DE DADOS<\/span><\/b><\/p><p style=\"text-align: justify;\"><span style=\"font-family: 'Arial',sans-serif;\">Em geral, IMrecobros, SL n\u00e3o comunicar\u00e1 estes dados pessoais a terceiros, a menos que a presta\u00e7\u00e3o do servi\u00e7o implique a necessidade de uma rela\u00e7\u00e3o contratual com um processador de dados e isso seja estritamente necess\u00e1rio para gerir e manter a rela\u00e7\u00e3o entre o utilizador e IMrecobros, SL, autoriza\u00e7\u00e3o pr\u00e9via e expressa do usu\u00e1rio. Isto ser\u00e1 feito apenas durante o tempo essencial para permitir a execu\u00e7\u00e3o do contrato aduaneiro, e nas mesmas condi\u00e7\u00f5es e com as mesmas responsabilidades que s\u00e3o exigidas ao respons\u00e1vel. Uma vez conclu\u00edda a encomenda, o respons\u00e1vel pelo tratamento devolver\u00e1 os dados pessoais ao Controlador e eliminar\u00e1 qualquer c\u00f3pia que possua.<\/span><\/p><p style=\"text-align: justify;\"><span style=\"font-family: 'Arial',sans-serif;\">Por outro lado, apenas os terceiros com os quais a IMrecobros, SL tenha a obriga\u00e7\u00e3o legal ou contratual de os fornecer ter\u00e3o o direito de aceder a estes dados pessoais, de executar ordens de Autoridades P\u00fablicas ou de exercer um direito da IMrecobros, SL perante o tribunal. autoridades.<\/span><\/p><p style=\"text-align: justify;\"><b><span style=\"font-family: 'Arial',sans-serif;\">DIREITOS DAS PARTES INTERESSADAS<\/span><\/b><\/p><p style=\"text-align: justify;\"><span style=\"font-family: 'Arial',sans-serif;\">O utilizador poder\u00e1 exercer a qualquer momento, nos termos estabelecidos na legisla\u00e7\u00e3o em vigor, os direitos de acesso, retifica\u00e7\u00e3o ou elimina\u00e7\u00e3o dos dados, solicitar a limita\u00e7\u00e3o do tratamento, opor-se ao mesmo, solicitar a portabilidade dos seus dados, bem como revogar o consentimento. dados, direitos reconhecidos no referido Regulamento (UE). O utilizador pode exercer estes direitos contactando IMrecobros, SL enviando um email para o seguinte endere\u00e7o. <\/span><a href=\"mailto:info@imrecobros.com\"><span style=\"font-family: 'Arial',sans-serif;\">info@imrecobros.com<\/span><\/a><span style=\"font-family: 'Arial',sans-serif;\"> ou para o endere\u00e7o postal C\/ Comtes de Bell-lloc, 135, 08014 Barcelona.<\/span><\/p><p style=\"text-align: justify;\"><span style=\"font-family: 'Arial',sans-serif;\">Para o exerc\u00edcio efetivo destes direitos, o utilizador dever\u00e1 comprovar a sua identidade, fornecendo o seu nome e apelido, fotoc\u00f3pia do seu DNI ou documento de identifica\u00e7\u00e3o equivalente que comprove a sua identidade, pedido no qual se especifica o pedido, morada para efeitos de notifica\u00e7\u00e3o, e data e assinatura do requerente.<\/span><\/p><p style=\"text-align: justify;\"><span style=\"font-family: 'Arial',sans-serif;\">Da mesma forma, o usu\u00e1rio poder\u00e1 reclamar \u00e0 Ag\u00eancia Espanhola de Prote\u00e7\u00e3o de Dados (Autoridade de Controle competente nesta mat\u00e9ria), especialmente quando n\u00e3o tiver obtido satisfa\u00e7\u00e3o no exerc\u00edcio dos seus direitos, escrevendo-lhe, C\/Jorge Juan, n\u00ba 6, 28001 \u2013 Madrid, ou atrav\u00e9s da web: <\/span><a href=\"https:\/\/www.agpd.es\/\"><span style=\"font-family: 'Arial',sans-serif;\">https:\/\/www.agpd.es<\/span><\/a><span style=\"font-family: 'Arial',sans-serif;\">.\u00a0<\/span><\/p>\t\t\t\t\t\t<\/div>\n\t\t\t\t<\/div>\n\t\t\t\t\t<\/div>\n\t\t<\/div>\n\t\t\t\t\t<\/div>\n\t\t<\/section>\n\t\t\t\t<\/div>","protected":false},"excerpt":{"rendered":"<p>POL\u00cdTICA DE PRIVACIDAD POL\u00cdTICA DE PRIVACIDAD IMrecobros, S.L. informa a los usuarios de su p\u00e1gina web www.imrecobros.com a trav\u00e9s de esta Pol\u00edtica de Privacidad sobre el tratamiento y protecci\u00f3n de los datos de car\u00e1cter personal de los usuarios que puedan ser obtenidos mediante su navegaci\u00f3n o contrataci\u00f3n de servicios que realicen en este portal. El &hellip;<\/p>\n<p class=\"read-more\"> <a class=\"\" href=\"https:\/\/imrecobros.com\/pt\/politicas-de-privacidad\/\"> <span class=\"screen-reader-text\">POL\u00cdTICA DE PRIVACIDADE<\/span> Read More &raquo;<\/a><\/p>","protected":false},"author":3,"featured_media":0,"parent":0,"menu_order":0,"comment_status":"closed","ping_status":"closed","template":"","meta":{"site-sidebar-layout":"no-sidebar","site-content-layout":"page-builder","ast-global-header-display":"","ast-main-header-display":"","ast-hfb-above-header-display":"","ast-hfb-below-header-display":"","ast-hfb-mobile-header-display":"","site-post-title":"disabled","ast-breadcrumbs-content":"","ast-featured-img":"disabled","footer-sml-layout":"","theme-transparent-header-meta":"default","adv-header-id-meta":"","stick-header-meta":"","header-above-stick-meta":"","header-main-stick-meta":"","header-below-stick-meta":"","footnotes":""},"yoast_head":"<!-- This site is optimized with the Yoast SEO plugin v23.3 - https:\/\/yoast.com\/wordpress\/plugins\/seo\/ -->\n<title>POL\u00cdTICA DE PRIVACIDAD - IMrecobros<\/title>\n<meta name=\"description\" content=\"Accede a esta p\u00e1gina web para leer y comprobar la pol\u00edtica de privacidad de IMrecobros, empresa de recobro y consultor\u00eda de cr\u00e9dito.\" \/>\n<meta name=\"robots\" content=\"index, follow, max-snippet:-1, max-image-preview:large, max-video-preview:-1\" \/>\n<link rel=\"canonical\" href=\"https:\/\/imrecobros.com\/pt\/politicas-de-privacidad\/\" \/>\n<meta property=\"og:locale\" content=\"pt_PT\" \/>\n<meta property=\"og:type\" content=\"article\" \/>\n<meta property=\"og:title\" content=\"POL\u00cdTICA DE PRIVACIDAD - IMrecobros\" \/>\n<meta property=\"og:description\" content=\"Accede a esta p\u00e1gina web para leer y comprobar la pol\u00edtica de privacidad de IMrecobros, empresa de recobro y consultor\u00eda de cr\u00e9dito.\" \/>\n<meta property=\"og:url\" content=\"https:\/\/imrecobros.com\/pt\/politicas-de-privacidad\/\" \/>\n<meta property=\"og:site_name\" content=\"IMrecobros\" \/>\n<meta property=\"article:publisher\" content=\"https:\/\/www.facebook.com\/IMrecobros\" \/>\n<meta property=\"article:modified_time\" content=\"2022-09-01T09:50:48+00:00\" \/>\n<meta name=\"twitter:card\" content=\"summary_large_image\" \/>\n<meta name=\"twitter:label1\" content=\"Tempo estimado de leitura\" \/>\n\t<meta name=\"twitter:data1\" content=\"6 minutos\" \/>\n<script type=\"application\/ld+json\" class=\"yoast-schema-graph\">{\"@context\":\"https:\/\/schema.org\",\"@graph\":[{\"@type\":\"WebPage\",\"@id\":\"https:\/\/imrecobros.com\/politicas-de-privacidad\/\",\"url\":\"https:\/\/imrecobros.com\/politicas-de-privacidad\/\",\"name\":\"POL\u00cdTICA DE PRIVACIDAD - IMrecobros\",\"isPartOf\":{\"@id\":\"https:\/\/imrecobros.com\/#website\"},\"datePublished\":\"2021-01-11T10:26:29+00:00\",\"dateModified\":\"2022-09-01T09:50:48+00:00\",\"description\":\"Accede a esta p\u00e1gina web para leer y comprobar la pol\u00edtica de privacidad de IMrecobros, empresa de recobro y consultor\u00eda de cr\u00e9dito.\",\"breadcrumb\":{\"@id\":\"https:\/\/imrecobros.com\/politicas-de-privacidad\/#breadcrumb\"},\"inLanguage\":\"pt-PT\",\"potentialAction\":[{\"@type\":\"ReadAction\",\"target\":[\"https:\/\/imrecobros.com\/politicas-de-privacidad\/\"]}]},{\"@type\":\"BreadcrumbList\",\"@id\":\"https:\/\/imrecobros.com\/politicas-de-privacidad\/#breadcrumb\",\"itemListElement\":[{\"@type\":\"ListItem\",\"position\":1,\"name\":\"Portada\",\"item\":\"https:\/\/imrecobros.com\/\"},{\"@type\":\"ListItem\",\"position\":2,\"name\":\"POL\u00cdTICA DE PRIVACIDAD\"}]},{\"@type\":\"WebSite\",\"@id\":\"https:\/\/imrecobros.com\/#website\",\"url\":\"https:\/\/imrecobros.com\/\",\"name\":\"IMrecobros\",\"description\":\"IMrecobros SL: empresa de recobro y consultor\u00eda de cr\u00e9dito\",\"publisher\":{\"@id\":\"https:\/\/imrecobros.com\/#organization\"},\"potentialAction\":[{\"@type\":\"SearchAction\",\"target\":{\"@type\":\"EntryPoint\",\"urlTemplate\":\"https:\/\/imrecobros.com\/?s={search_term_string}\"},\"query-input\":\"required name=search_term_string\"}],\"inLanguage\":\"pt-PT\"},{\"@type\":\"Organization\",\"@id\":\"https:\/\/imrecobros.com\/#organization\",\"name\":\"IMRECOBROS\",\"url\":\"https:\/\/imrecobros.com\/\",\"logo\":{\"@type\":\"ImageObject\",\"inLanguage\":\"pt-PT\",\"@id\":\"https:\/\/imrecobros.com\/#\/schema\/logo\/image\/\",\"url\":\"https:\/\/imrecobros.com\/wp-content\/uploads\/2021\/01\/LOGO_IMRECOBROS-DEFINITIU.png\",\"contentUrl\":\"https:\/\/imrecobros.com\/wp-content\/uploads\/2021\/01\/LOGO_IMRECOBROS-DEFINITIU.png\",\"width\":339,\"height\":194,\"caption\":\"IMRECOBROS\"},\"image\":{\"@id\":\"https:\/\/imrecobros.com\/#\/schema\/logo\/image\/\"},\"sameAs\":[\"https:\/\/www.facebook.com\/IMrecobros\",\"https:\/\/www.linkedin.com\/company\/imrecobros\"]}]}<\/script>\n<!-- \/ Yoast SEO plugin. -->","yoast_head_json":{"title":"POL\u00cdTICA DE PRIVACIDAD - IMrecobros","description":"Accede a esta p\u00e1gina web para leer y comprobar la pol\u00edtica de privacidad de IMrecobros, empresa de recobro y consultor\u00eda de cr\u00e9dito.","robots":{"index":"index","follow":"follow","max-snippet":"max-snippet:-1","max-image-preview":"max-image-preview:large","max-video-preview":"max-video-preview:-1"},"canonical":"https:\/\/imrecobros.com\/pt\/politicas-de-privacidad\/","og_locale":"pt_PT","og_type":"article","og_title":"POL\u00cdTICA DE PRIVACIDAD - IMrecobros","og_description":"Accede a esta p\u00e1gina web para leer y comprobar la pol\u00edtica de privacidad de IMrecobros, empresa de recobro y consultor\u00eda de cr\u00e9dito.","og_url":"https:\/\/imrecobros.com\/pt\/politicas-de-privacidad\/","og_site_name":"IMrecobros","article_publisher":"https:\/\/www.facebook.com\/IMrecobros","article_modified_time":"2022-09-01T09:50:48+00:00","twitter_card":"summary_large_image","twitter_misc":{"Tempo estimado de leitura":"6 minutos"},"schema":{"@context":"https:\/\/schema.org","@graph":[{"@type":"WebPage","@id":"https:\/\/imrecobros.com\/politicas-de-privacidad\/","url":"https:\/\/imrecobros.com\/politicas-de-privacidad\/","name":"POL\u00cdTICA DE PRIVACIDAD - IMrecobros","isPartOf":{"@id":"https:\/\/imrecobros.com\/#website"},"datePublished":"2021-01-11T10:26:29+00:00","dateModified":"2022-09-01T09:50:48+00:00","description":"Accede a esta p\u00e1gina web para leer y comprobar la pol\u00edtica de privacidad de IMrecobros, empresa de recobro y consultor\u00eda de cr\u00e9dito.","breadcrumb":{"@id":"https:\/\/imrecobros.com\/politicas-de-privacidad\/#breadcrumb"},"inLanguage":"pt-PT","potentialAction":[{"@type":"ReadAction","target":["https:\/\/imrecobros.com\/politicas-de-privacidad\/"]}]},{"@type":"BreadcrumbList","@id":"https:\/\/imrecobros.com\/politicas-de-privacidad\/#breadcrumb","itemListElement":[{"@type":"ListItem","position":1,"name":"Portada","item":"https:\/\/imrecobros.com\/"},{"@type":"ListItem","position":2,"name":"POL\u00cdTICA DE PRIVACIDAD"}]},{"@type":"WebSite","@id":"https:\/\/imrecobros.com\/#website","url":"https:\/\/imrecobros.com\/","name":"Recupera\u00e7\u00f5es IM","description":"IMrecobros SL: empresa de cobran\u00e7a e consultoria de cr\u00e9dito","publisher":{"@id":"https:\/\/imrecobros.com\/#organization"},"potentialAction":[{"@type":"SearchAction","target":{"@type":"EntryPoint","urlTemplate":"https:\/\/imrecobros.com\/?s={search_term_string}"},"query-input":"required name=search_term_string"}],"inLanguage":"pt-PT"},{"@type":"Organization","@id":"https:\/\/imrecobros.com\/#organization","name":"IMRECOBROS","url":"https:\/\/imrecobros.com\/","logo":{"@type":"ImageObject","inLanguage":"pt-PT","@id":"https:\/\/imrecobros.com\/#\/schema\/logo\/image\/","url":"https:\/\/imrecobros.com\/wp-content\/uploads\/2021\/01\/LOGO_IMRECOBROS-DEFINITIU.png","contentUrl":"https:\/\/imrecobros.com\/wp-content\/uploads\/2021\/01\/LOGO_IMRECOBROS-DEFINITIU.png","width":339,"height":194,"caption":"IMRECOBROS"},"image":{"@id":"https:\/\/imrecobros.com\/#\/schema\/logo\/image\/"},"sameAs":["https:\/\/www.facebook.com\/IMrecobros","https:\/\/www.linkedin.com\/company\/imrecobros"]}]}},"_links":{"self":[{"href":"https:\/\/imrecobros.com\/pt\/wp-json\/wp\/v2\/pages\/79"}],"collection":[{"href":"https:\/\/imrecobros.com\/pt\/wp-json\/wp\/v2\/pages"}],"about":[{"href":"https:\/\/imrecobros.com\/pt\/wp-json\/wp\/v2\/types\/page"}],"author":[{"embeddable":true,"href":"https:\/\/imrecobros.com\/pt\/wp-json\/wp\/v2\/users\/3"}],"replies":[{"embeddable":true,"href":"https:\/\/imrecobros.com\/pt\/wp-json\/wp\/v2\/comments?post=79"}],"version-history":[{"count":4,"href":"https:\/\/imrecobros.com\/pt\/wp-json\/wp\/v2\/pages\/79\/revisions"}],"predecessor-version":[{"id":4517,"href":"https:\/\/imrecobros.com\/pt\/wp-json\/wp\/v2\/pages\/79\/revisions\/4517"}],"wp:attachment":[{"href":"https:\/\/imrecobros.com\/pt\/wp-json\/wp\/v2\/media?parent=79"}],"curies":[{"name":"wp","href":"https:\/\/api.w.org\/{rel}","templated":true}]}}